{"id":113,"date":"2018-12-11T11:12:53","date_gmt":"2018-12-11T10:12:53","guid":{"rendered":"https:\/\/etoile-plastique.com\/produit\/caisse-a-poisson-g-m\/"},"modified":"2018-12-11T21:43:36","modified_gmt":"2018-12-11T20:43:36","slug":"caisse-a-poisson-g-m","status":"publish","type":"product","link":"https:\/\/etoile-plastique.com\/ar\/produit\/caisse-a-poisson-g-m\/","title":{"rendered":"CAISSE A POISSON G.M"},"content":{"rendered":"","protected":false},"excerpt":{"rendered":"<p>Nos caisses \u00e0 poisson sont gerbables et embo\u00eetables qui ont \u00e9t\u00e9 particuli\u00e8rement d\u00e9velopp\u00e9s pour l&rsquo;industrie de la p\u00eache.<br \/>\n Adapt\u00e9s \u00e0 une utilisation intensive sur des bateaux de p\u00eache, en viviers, en conserverie etc\u2026<br \/>\n Poign\u00e9es ergonomiques<br \/>\n R\u00e9sistants aux chocs thermiques<br \/>\n Mat\u00e9riau plastique vierge, certifi\u00e9 pour un usage alimentaire<\/p>\n<p><a href=\"https:\/\/etoile-plastique.com\/ar\/produit\/caisse-a-poisson-g-m\/\">Continue Reading<span class=\"meta-nav\">&rarr;<\/span><\/a><\/p>\n","protected":false},"featured_media":110,"template":"","meta":[],"class_list":{"0":"post-113","1":"product","2":"type-product","3":"status-publish","4":"has-post-thumbnail","6":"product_cat-palox-et-caisses-legumes-fruits","7":"product_cat-stockage-et-manutention","9":"first","10":"instock","11":"shipping-taxable","12":"product-type-simple"},"_links":{"self":[{"href":"https:\/\/etoile-plastique.com\/ar\/wp-json\/wp\/v2\/product\/113\/"}],"collection":[{"href":"https:\/\/etoile-plastique.com\/ar\/wp-json\/wp\/v2\/product\/"}],"about":[{"href":"https:\/\/etoile-plastique.com\/ar\/wp-json\/wp\/v2\/types\/product\/"}],"wp:featuredmedia":[{"embeddable":true,"href":"https:\/\/etoile-plastique.com\/ar\/wp-json\/wp\/v2\/media\/110\/"}],"wp:attachment":[{"href":"https:\/\/etoile-plastique.com\/ar\/wp-json\/wp\/v2\/media\/?parent=113"}],"curies":[{"name":"wp","href":"https:\/\/api.w.org\/{rel}","templated":true}]}}