{"id":114,"date":"2018-12-11T11:12:55","date_gmt":"2018-12-11T10:12:55","guid":{"rendered":"https:\/\/etoile-plastique.com\/produit\/gerrican-60-l-plast-gle\/"},"modified":"2018-12-15T23:47:33","modified_gmt":"2018-12-15T22:47:33","slug":"gerrican-60-l-plast-gle","status":"publish","type":"product","link":"https:\/\/etoile-plastique.com\/ar\/produit\/gerrican-60-l-plast-gle\/","title":{"rendered":"GERRICAN 60 L PLAST\/GLE"},"content":{"rendered":"","protected":false},"excerpt":{"rendered":"<p>Jerricans extra fort de 20L \u00e0 60L fabriqu\u00e9s \u00e0 partir de PEHD anti-UV qualit\u00e9 alimentaire et con\u00e7us pour le transport d&rsquo;eau potable et d&rsquo;autres produits liquides.<br \/>\nNotre gamme comporte aussi les jerricans gerbales pour le syst\u00e8me de palettisation<\/p>\n<p><a href=\"https:\/\/etoile-plastique.com\/ar\/produit\/gerrican-60-l-plast-gle\/\">Continue Reading<span class=\"meta-nav\">&rarr;<\/span><\/a><\/p>\n","protected":false},"featured_media":575,"template":"","meta":[],"class_list":{"0":"post-114","1":"product","2":"type-product","3":"status-publish","4":"has-post-thumbnail","6":"product_cat-emballage","7":"product_cat-emballages-les-jerricans","9":"first","10":"instock","11":"shipping-taxable","12":"product-type-simple"},"_links":{"self":[{"href":"https:\/\/etoile-plastique.com\/ar\/wp-json\/wp\/v2\/product\/114\/"}],"collection":[{"href":"https:\/\/etoile-plastique.com\/ar\/wp-json\/wp\/v2\/product\/"}],"about":[{"href":"https:\/\/etoile-plastique.com\/ar\/wp-json\/wp\/v2\/types\/product\/"}],"wp:featuredmedia":[{"embeddable":true,"href":"https:\/\/etoile-plastique.com\/ar\/wp-json\/wp\/v2\/media\/575\/"}],"wp:attachment":[{"href":"https:\/\/etoile-plastique.com\/ar\/wp-json\/wp\/v2\/media\/?parent=114"}],"curies":[{"name":"wp","href":"https:\/\/api.w.org\/{rel}","templated":true}]}}