{"id":145,"date":"2018-12-11T14:48:20","date_gmt":"2018-12-11T13:48:20","guid":{"rendered":"https:\/\/etoile-plastique.com\/produit\/bassine-carre-32\/"},"modified":"2018-12-11T21:21:31","modified_gmt":"2018-12-11T20:21:31","slug":"bassine-carre-32","status":"publish","type":"product","link":"https:\/\/etoile-plastique.com\/ar\/produit\/bassine-carre-32\/","title":{"rendered":"BASSINE CARRE 32"},"content":{"rendered":"","protected":false},"excerpt":{"rendered":"<p>Bassine carr\u00e9 en polypropyl\u00e8ne convienne parfaitement \u00e0 un usage r\u00e9gulier.<br \/>\n L\u00e9g\u00e8res et r\u00e9sistantes, faciles \u00e0 ranger.<\/p>\n<p><a href=\"https:\/\/etoile-plastique.com\/ar\/produit\/bassine-carre-32\/\">Continue Reading<span class=\"meta-nav\">&rarr;<\/span><\/a><\/p>\n","protected":false},"featured_media":146,"template":"","meta":[],"class_list":{"0":"post-145","1":"product","2":"type-product","3":"status-publish","4":"has-post-thumbnail","6":"product_cat-articles-de-menages","7":"product_cat-articles-de-menages-bassine","9":"first","10":"instock","11":"shipping-taxable","12":"product-type-simple"},"_links":{"self":[{"href":"https:\/\/etoile-plastique.com\/ar\/wp-json\/wp\/v2\/product\/145\/"}],"collection":[{"href":"https:\/\/etoile-plastique.com\/ar\/wp-json\/wp\/v2\/product\/"}],"about":[{"href":"https:\/\/etoile-plastique.com\/ar\/wp-json\/wp\/v2\/types\/product\/"}],"wp:featuredmedia":[{"embeddable":true,"href":"https:\/\/etoile-plastique.com\/ar\/wp-json\/wp\/v2\/media\/146\/"}],"wp:attachment":[{"href":"https:\/\/etoile-plastique.com\/ar\/wp-json\/wp\/v2\/media\/?parent=145"}],"curies":[{"name":"wp","href":"https:\/\/api.w.org\/{rel}","templated":true}]}}