{"id":157,"date":"2018-12-11T14:48:26","date_gmt":"2018-12-11T13:48:26","guid":{"rendered":"https:\/\/etoile-plastique.com\/produit\/bassine-regtangle-37\/"},"modified":"2018-12-11T21:21:30","modified_gmt":"2018-12-11T20:21:30","slug":"bassine-regtangle-37","status":"publish","type":"product","link":"https:\/\/etoile-plastique.com\/ar\/produit\/bassine-regtangle-37\/","title":{"rendered":"BASSINE REGTANGLE 37"},"content":{"rendered":"","protected":false},"excerpt":{"rendered":"<p>Bassine rectangulaire en polypropyl\u00e8ne convienne parfaitement \u00e0 un usage r\u00e9gulier.<br \/>\n L\u00e9g\u00e8res et r\u00e9sistantes, faciles \u00e0 ranger.<\/p>\n<p><a href=\"https:\/\/etoile-plastique.com\/ar\/produit\/bassine-regtangle-37\/\">Continue Reading<span class=\"meta-nav\">&rarr;<\/span><\/a><\/p>\n","protected":false},"featured_media":158,"template":"","meta":[],"class_list":{"0":"post-157","1":"product","2":"type-product","3":"status-publish","4":"has-post-thumbnail","6":"product_cat-articles-de-menages","7":"product_cat-articles-de-menages-bassine","9":"first","10":"instock","11":"shipping-taxable","12":"product-type-simple"},"_links":{"self":[{"href":"https:\/\/etoile-plastique.com\/ar\/wp-json\/wp\/v2\/product\/157\/"}],"collection":[{"href":"https:\/\/etoile-plastique.com\/ar\/wp-json\/wp\/v2\/product\/"}],"about":[{"href":"https:\/\/etoile-plastique.com\/ar\/wp-json\/wp\/v2\/types\/product\/"}],"wp:featuredmedia":[{"embeddable":true,"href":"https:\/\/etoile-plastique.com\/ar\/wp-json\/wp\/v2\/media\/158\/"}],"wp:attachment":[{"href":"https:\/\/etoile-plastique.com\/ar\/wp-json\/wp\/v2\/media\/?parent=157"}],"curies":[{"name":"wp","href":"https:\/\/api.w.org\/{rel}","templated":true}]}}