{"id":173,"date":"2018-12-11T14:48:32","date_gmt":"2018-12-11T13:48:32","guid":{"rendered":"https:\/\/etoile-plastique.com\/produit\/cylindre-160-165-lte\/"},"modified":"2018-12-11T21:27:18","modified_gmt":"2018-12-11T20:27:18","slug":"cylindre-160-165-lte","status":"publish","type":"product","link":"https:\/\/etoile-plastique.com\/ar\/produit\/cylindre-160-165-lte\/","title":{"rendered":"CYLINDRE 160\/165 LTE"},"content":{"rendered":"","protected":false},"excerpt":{"rendered":"<p>Nous proposons une large gamme de futs de diff\u00e9rentes capacit\u00e9s de couleur bleu , \u00e0 ouverture totale. Ces futs peuvent accueillir les produits alimentaires.<br \/>\n Capacit\u00e9s dispo : 30L , 60L ,90L ,120L, 160L, 230L, et 280 litres<\/p>\n<p><a href=\"https:\/\/etoile-plastique.com\/ar\/produit\/cylindre-160-165-lte\/\">Continue Reading<span class=\"meta-nav\">&rarr;<\/span><\/a><\/p>\n","protected":false},"featured_media":174,"template":"","meta":[],"class_list":{"0":"post-173","1":"product","2":"type-product","3":"status-publish","4":"has-post-thumbnail","6":"product_cat-emballage","7":"product_cat-emballage-les-futs","9":"first","10":"instock","11":"shipping-taxable","12":"product-type-simple"},"_links":{"self":[{"href":"https:\/\/etoile-plastique.com\/ar\/wp-json\/wp\/v2\/product\/173\/"}],"collection":[{"href":"https:\/\/etoile-plastique.com\/ar\/wp-json\/wp\/v2\/product\/"}],"about":[{"href":"https:\/\/etoile-plastique.com\/ar\/wp-json\/wp\/v2\/types\/product\/"}],"wp:featuredmedia":[{"embeddable":true,"href":"https:\/\/etoile-plastique.com\/ar\/wp-json\/wp\/v2\/media\/174\/"}],"wp:attachment":[{"href":"https:\/\/etoile-plastique.com\/ar\/wp-json\/wp\/v2\/media\/?parent=173"}],"curies":[{"name":"wp","href":"https:\/\/api.w.org\/{rel}","templated":true}]}}