{"id":199,"date":"2018-12-11T14:48:47","date_gmt":"2018-12-11T13:48:47","guid":{"rendered":"https:\/\/etoile-plastique.com\/produit\/containers-360-litres\/"},"modified":"2018-12-11T21:39:10","modified_gmt":"2018-12-11T20:39:10","slug":"containers-360-litres","status":"publish","type":"product","link":"https:\/\/etoile-plastique.com\/ar\/produit\/containers-360-litres\/","title":{"rendered":"CONTAINERS 360 LITRES"},"content":{"rendered":"","protected":false},"excerpt":{"rendered":"<p>Bac roulant en poly\u00e9thyl\u00e8ne haute densit\u00e9 d&rsquo;une capacit\u00e9 360 litres destin\u00e9 \u00e0 la collecte des ordures m\u00e9nag\u00e8res ou s\u00e9lective. Conforme aux normes europ\u00e9ennes EN840 et marquage CE<br \/>\n Le conteneur est mont\u00e9 sur 2 roues \u00e0 bandage en caoutchouc souples et silencieuses, qui r\u00e9pondent aux r\u00e9glementations concernant l&rsquo;insonorisation suivant la directive CE<br \/>\n Son couvercle ergonomique et herm\u00e9tique qui facilite la prise en main pour \u00e9viter de vous salir.<\/p>\n<p><a href=\"https:\/\/etoile-plastique.com\/ar\/produit\/containers-360-litres\/\">Continue Reading<span class=\"meta-nav\">&rarr;<\/span><\/a><\/p>\n","protected":false},"featured_media":200,"template":"","meta":[],"class_list":{"0":"post-199","1":"product","2":"type-product","3":"status-publish","4":"has-post-thumbnail","6":"product_cat-containers-2-roues-mobiliers-urbain","7":"product_cat-mobiliers-urbain","9":"first","10":"instock","11":"shipping-taxable","12":"product-type-simple"},"_links":{"self":[{"href":"https:\/\/etoile-plastique.com\/ar\/wp-json\/wp\/v2\/product\/199\/"}],"collection":[{"href":"https:\/\/etoile-plastique.com\/ar\/wp-json\/wp\/v2\/product\/"}],"about":[{"href":"https:\/\/etoile-plastique.com\/ar\/wp-json\/wp\/v2\/types\/product\/"}],"wp:featuredmedia":[{"embeddable":true,"href":"https:\/\/etoile-plastique.com\/ar\/wp-json\/wp\/v2\/media\/200\/"}],"wp:attachment":[{"href":"https:\/\/etoile-plastique.com\/ar\/wp-json\/wp\/v2\/media\/?parent=199"}],"curies":[{"name":"wp","href":"https:\/\/api.w.org\/{rel}","templated":true}]}}