{"id":202,"date":"2018-12-11T14:48:48","date_gmt":"2018-12-11T13:48:48","guid":{"rendered":"https:\/\/etoile-plastique.com\/produit\/balais-de-voirie-ronde\/"},"modified":"2018-12-13T14:12:43","modified_gmt":"2018-12-13T13:12:43","slug":"balais-de-voirie-ronde","status":"publish","type":"product","link":"https:\/\/etoile-plastique.com\/ar\/produit\/balais-de-voirie-ronde\/","title":{"rendered":"BALAIS DE VOIRIE RONDE"},"content":{"rendered":"","protected":false},"excerpt":{"rendered":"<p>Id\u00e9al pour l&rsquo;ext\u00e9rieur, les brosses synth\u00e9tiques vertes sont tr\u00e8s r\u00e9sistantes et permettent un acc\u00e8s facile dans les interstices et les caniveaux. disponible en deux forme: ronde et rectangulaire avec des manches en bois standard<\/p>\n<p><a href=\"https:\/\/etoile-plastique.com\/ar\/produit\/balais-de-voirie-ronde\/\">Continue Reading<span class=\"meta-nav\">&rarr;<\/span><\/a><\/p>\n","protected":false},"featured_media":481,"template":"","meta":[],"class_list":{"0":"post-202","1":"product","2":"type-product","3":"status-publish","4":"has-post-thumbnail","6":"product_cat-articles-de-proprete-mobiliers-urbain","7":"product_cat-mobiliers-urbain","9":"first","10":"instock","11":"shipping-taxable","12":"product-type-simple"},"_links":{"self":[{"href":"https:\/\/etoile-plastique.com\/ar\/wp-json\/wp\/v2\/product\/202\/"}],"collection":[{"href":"https:\/\/etoile-plastique.com\/ar\/wp-json\/wp\/v2\/product\/"}],"about":[{"href":"https:\/\/etoile-plastique.com\/ar\/wp-json\/wp\/v2\/types\/product\/"}],"wp:featuredmedia":[{"embeddable":true,"href":"https:\/\/etoile-plastique.com\/ar\/wp-json\/wp\/v2\/media\/481\/"}],"wp:attachment":[{"href":"https:\/\/etoile-plastique.com\/ar\/wp-json\/wp\/v2\/media\/?parent=202"}],"curies":[{"name":"wp","href":"https:\/\/api.w.org\/{rel}","templated":true}]}}