{"id":213,"date":"2018-12-11T14:48:54","date_gmt":"2018-12-11T13:48:54","guid":{"rendered":"https:\/\/etoile-plastique.com\/produit\/caisse-palette-jumbo-box\/"},"modified":"2018-12-16T11:33:29","modified_gmt":"2018-12-16T10:33:29","slug":"caisse-palette-jumbo-box","status":"publish","type":"product","link":"https:\/\/etoile-plastique.com\/ar\/produit\/caisse-palette-jumbo-box\/","title":{"rendered":"CAISSE PALETTE JUMBO BOX"},"content":{"rendered":"","protected":false},"excerpt":{"rendered":"<p>Caisse palette opaque ou ajour\u00e9e fabriqu\u00e9e en poly\u00e9thyl\u00e8ne haute densit\u00e9 adapt\u00e9e pour le conditionnement et le stockage des l\u00e9gumes et les fruits : Utilisation entre -25\u00b0 et +70\u00b0 peut \u00eatre utilis\u00e9e dans les chambres froides<br \/>\n Empilable et peut \u00eatre manipul\u00e9 avec chariot \u00e9l\u00e9vateur ou transpalette<br \/>\n Disponible avec ou sans semelles ou roues en caoutchouc massif diam\u00e8tre 200 mm<br \/>\n R\u00e9sistant aux acides, graisses, produits chimiques,<br \/>\n Nettoyage facile<br \/>\n Mat\u00e9riau plastique vierge, certifi\u00e9 pour un usage alimentaire peut convenir pour le transport des denr\u00e9es, id\u00e9al pour le milieu industriel agro-alimentaire<\/p>\n<p><a href=\"https:\/\/etoile-plastique.com\/ar\/produit\/caisse-palette-jumbo-box\/\">Continue Reading<span class=\"meta-nav\">&rarr;<\/span><\/a><\/p>\n","protected":false},"featured_media":214,"template":"","meta":[],"class_list":{"0":"post-213","1":"product","2":"type-product","3":"status-publish","4":"has-post-thumbnail","6":"product_cat-palox-et-caisses-legumes-fruits","7":"product_cat-stockage-et-manutention","9":"first","10":"instock","11":"featured","12":"shipping-taxable","13":"product-type-simple"},"_links":{"self":[{"href":"https:\/\/etoile-plastique.com\/ar\/wp-json\/wp\/v2\/product\/213\/"}],"collection":[{"href":"https:\/\/etoile-plastique.com\/ar\/wp-json\/wp\/v2\/product\/"}],"about":[{"href":"https:\/\/etoile-plastique.com\/ar\/wp-json\/wp\/v2\/types\/product\/"}],"wp:featuredmedia":[{"embeddable":true,"href":"https:\/\/etoile-plastique.com\/ar\/wp-json\/wp\/v2\/media\/214\/"}],"wp:attachment":[{"href":"https:\/\/etoile-plastique.com\/ar\/wp-json\/wp\/v2\/media\/?parent=213"}],"curies":[{"name":"wp","href":"https:\/\/api.w.org\/{rel}","templated":true}]}}