{"id":226,"date":"2018-12-11T14:48:59","date_gmt":"2018-12-11T13:48:59","guid":{"rendered":"https:\/\/etoile-plastique.com\/produit\/boite-a-bec-3l\/"},"modified":"2018-12-12T23:30:43","modified_gmt":"2018-12-12T22:30:43","slug":"boite-a-bec-3l","status":"publish","type":"product","link":"https:\/\/etoile-plastique.com\/ar\/produit\/boite-a-bec-3l\/","title":{"rendered":"BOITE A BEC 3L"},"content":{"rendered":"","protected":false},"excerpt":{"rendered":"<p>Id\u00e9al pour le magasin, les entrep\u00f4ts, les atelies ou encore le garage pour ranger, classer et transporter vos fournitures.<br \/>\nRobustes, r\u00e9sistent \u00e0 l&rsquo;eau, \u00e0 l&rsquo;humidit\u00e9, aux graisses, aux agents chimiques et aux chocs gr\u00e2ce \u00e0 ses nervures lat\u00e9rales.<\/p>\n<p><a href=\"https:\/\/etoile-plastique.com\/ar\/produit\/boite-a-bec-3l\/\">Continue Reading<span class=\"meta-nav\">&rarr;<\/span><\/a><\/p>\n","protected":false},"featured_media":356,"template":"","meta":[],"class_list":{"0":"post-226","1":"product","2":"type-product","3":"status-publish","4":"has-post-thumbnail","6":"product_cat-boites-a-bec","7":"product_cat-stockage-et-manutention","9":"first","10":"instock","11":"shipping-taxable","12":"product-type-simple"},"_links":{"self":[{"href":"https:\/\/etoile-plastique.com\/ar\/wp-json\/wp\/v2\/product\/226\/"}],"collection":[{"href":"https:\/\/etoile-plastique.com\/ar\/wp-json\/wp\/v2\/product\/"}],"about":[{"href":"https:\/\/etoile-plastique.com\/ar\/wp-json\/wp\/v2\/types\/product\/"}],"wp:featuredmedia":[{"embeddable":true,"href":"https:\/\/etoile-plastique.com\/ar\/wp-json\/wp\/v2\/media\/356\/"}],"wp:attachment":[{"href":"https:\/\/etoile-plastique.com\/ar\/wp-json\/wp\/v2\/media\/?parent=226"}],"curies":[{"name":"wp","href":"https:\/\/api.w.org\/{rel}","templated":true}]}}