{"id":230,"date":"2018-12-11T14:49:05","date_gmt":"2018-12-11T13:49:05","guid":{"rendered":"https:\/\/etoile-plastique.com\/produit\/chaise-bistro\/"},"modified":"2018-12-11T22:42:41","modified_gmt":"2018-12-11T21:42:41","slug":"chaise-bistro","status":"publish","type":"product","link":"https:\/\/etoile-plastique.com\/ar\/produit\/chaise-bistro\/","title":{"rendered":"CHAISE BISTRO"},"content":{"rendered":"","protected":false},"excerpt":{"rendered":"<p>Cette chaise id\u00e9ale pour les bistrots, restaurants et les salles d&rsquo;attentes est empilable et \u00e9l\u00e9gante avec une conception robuste et durable. Excellant rapport qualit\u00e9 prix<\/p>\n<p><a href=\"https:\/\/etoile-plastique.com\/ar\/produit\/chaise-bistro\/\">Continue Reading<span class=\"meta-nav\">&rarr;<\/span><\/a><\/p>\n","protected":false},"featured_media":231,"template":"","meta":[],"class_list":{"0":"post-230","1":"product","2":"type-product","3":"status-publish","4":"has-post-thumbnail","6":"product_cat-meubles-de-jardin-chaises","7":"product_cat-meubles-de-jardin","9":"first","10":"instock","11":"featured","12":"shipping-taxable","13":"product-type-simple"},"_links":{"self":[{"href":"https:\/\/etoile-plastique.com\/ar\/wp-json\/wp\/v2\/product\/230\/"}],"collection":[{"href":"https:\/\/etoile-plastique.com\/ar\/wp-json\/wp\/v2\/product\/"}],"about":[{"href":"https:\/\/etoile-plastique.com\/ar\/wp-json\/wp\/v2\/types\/product\/"}],"wp:featuredmedia":[{"embeddable":true,"href":"https:\/\/etoile-plastique.com\/ar\/wp-json\/wp\/v2\/media\/231\/"}],"wp:attachment":[{"href":"https:\/\/etoile-plastique.com\/ar\/wp-json\/wp\/v2\/media\/?parent=230"}],"curies":[{"name":"wp","href":"https:\/\/api.w.org\/{rel}","templated":true}]}}