{"id":244,"date":"2018-12-11T14:49:13","date_gmt":"2018-12-11T13:49:13","guid":{"rendered":"https:\/\/etoile-plastique.com\/produit\/chaise-bistro-pied-metal\/"},"modified":"2018-12-11T21:29:12","modified_gmt":"2018-12-11T20:29:12","slug":"chaise-bistro-pied-metal","status":"publish","type":"product","link":"https:\/\/etoile-plastique.com\/ar\/produit\/chaise-bistro-pied-metal\/","title":{"rendered":"CHAISE BISTRO PIED METAL"},"content":{"rendered":"","protected":false},"excerpt":{"rendered":"<p>Pratique, solide, \u00e9l\u00e9gante et polyvalente avec ses nombreuses couleurs au choix, elle poss\u00e8de des pieds en INOX. Cette chaise s&rsquo;adaptera quasiment partout.<\/p>\n<p><a href=\"https:\/\/etoile-plastique.com\/ar\/produit\/chaise-bistro-pied-metal\/\">Continue Reading<span class=\"meta-nav\">&rarr;<\/span><\/a><\/p>\n","protected":false},"featured_media":245,"template":"","meta":[],"class_list":{"0":"post-244","1":"product","2":"type-product","3":"status-publish","4":"has-post-thumbnail","6":"product_cat-meubles-de-jardin-chaises","7":"product_cat-meubles-de-jardin","9":"first","10":"instock","11":"shipping-taxable","12":"product-type-simple"},"_links":{"self":[{"href":"https:\/\/etoile-plastique.com\/ar\/wp-json\/wp\/v2\/product\/244\/"}],"collection":[{"href":"https:\/\/etoile-plastique.com\/ar\/wp-json\/wp\/v2\/product\/"}],"about":[{"href":"https:\/\/etoile-plastique.com\/ar\/wp-json\/wp\/v2\/types\/product\/"}],"wp:featuredmedia":[{"embeddable":true,"href":"https:\/\/etoile-plastique.com\/ar\/wp-json\/wp\/v2\/media\/245\/"}],"wp:attachment":[{"href":"https:\/\/etoile-plastique.com\/ar\/wp-json\/wp\/v2\/media\/?parent=244"}],"curies":[{"name":"wp","href":"https:\/\/api.w.org\/{rel}","templated":true}]}}