{"id":269,"date":"2018-12-11T14:49:30","date_gmt":"2018-12-11T13:49:30","guid":{"rendered":"https:\/\/etoile-plastique.com\/produit\/gerrican-30-litr-pb\/"},"modified":"2018-12-11T21:28:08","modified_gmt":"2018-12-11T20:28:08","slug":"gerrican-30-litr-pb","status":"publish","type":"product","link":"https:\/\/etoile-plastique.com\/ar\/produit\/gerrican-30-litr-pb\/","title":{"rendered":"GERRICAN 30 Litr PB"},"content":{"rendered":"","protected":false},"excerpt":{"rendered":"<p>Jerricans extra fort de 20L \u00e0 60L fabriqu\u00e9s \u00e0 partir de PEHD anti-UV qualit\u00e9 alimentaire et con\u00e7us pour le transport d&rsquo;eau potable et d&rsquo;autres produits liquides.<br \/>\n Notre gamme comporte aussi les jerricans gerbales pour le syst\u00e8me de palettisation<\/p>\n<p><a href=\"https:\/\/etoile-plastique.com\/ar\/produit\/gerrican-30-litr-pb\/\">Continue Reading<span class=\"meta-nav\">&rarr;<\/span><\/a><\/p>\n","protected":false},"featured_media":270,"template":"","meta":[],"class_list":{"0":"post-269","1":"product","2":"type-product","3":"status-publish","4":"has-post-thumbnail","6":"product_cat-emballage","7":"product_cat-emballages-les-jerricans","9":"first","10":"instock","11":"shipping-taxable","12":"product-type-simple"},"_links":{"self":[{"href":"https:\/\/etoile-plastique.com\/ar\/wp-json\/wp\/v2\/product\/269\/"}],"collection":[{"href":"https:\/\/etoile-plastique.com\/ar\/wp-json\/wp\/v2\/product\/"}],"about":[{"href":"https:\/\/etoile-plastique.com\/ar\/wp-json\/wp\/v2\/types\/product\/"}],"wp:featuredmedia":[{"embeddable":true,"href":"https:\/\/etoile-plastique.com\/ar\/wp-json\/wp\/v2\/media\/270\/"}],"wp:attachment":[{"href":"https:\/\/etoile-plastique.com\/ar\/wp-json\/wp\/v2\/media\/?parent=269"}],"curies":[{"name":"wp","href":"https:\/\/api.w.org\/{rel}","templated":true}]}}