{"id":283,"date":"2018-12-11T14:49:37","date_gmt":"2018-12-11T13:49:37","guid":{"rendered":"https:\/\/etoile-plastique.com\/produit\/table-carre-basse\/"},"modified":"2018-12-11T21:30:25","modified_gmt":"2018-12-11T20:30:25","slug":"table-carre-basse","status":"publish","type":"product","link":"https:\/\/etoile-plastique.com\/ar\/produit\/table-carre-basse\/","title":{"rendered":"TABLE CARRE BASSE"},"content":{"rendered":"","protected":false},"excerpt":{"rendered":"<p>Petites tables de jardin rondes ou carr\u00e9es 100 % polypropyl\u00e8ne pouvant accueillir 4 personnes, nos tables de jardin sont un mobilier d&rsquo;ext\u00e9rieur ( jardin , terrasse ou balcon) robustes et pratiques qui ne requi\u00e8rent pratiquement aucun entretien avec une excellente r\u00e9sistance aux intemp\u00e9ries, rayons UV, mais aussi chocs et fissures. Le pi\u00e9tement en croisillon assure une stabilit\u00e9 parfaite en toutes circonstances.<\/p>\n<p><a href=\"https:\/\/etoile-plastique.com\/ar\/produit\/table-carre-basse\/\">Continue Reading<span class=\"meta-nav\">&rarr;<\/span><\/a><\/p>\n","protected":false},"featured_media":284,"template":"","meta":[],"class_list":{"0":"post-283","1":"product","2":"type-product","3":"status-publish","4":"has-post-thumbnail","6":"product_cat-meubles-de-jardin-tables","7":"product_cat-meubles-de-jardin","9":"first","10":"instock","11":"shipping-taxable","12":"product-type-simple"},"_links":{"self":[{"href":"https:\/\/etoile-plastique.com\/ar\/wp-json\/wp\/v2\/product\/283\/"}],"collection":[{"href":"https:\/\/etoile-plastique.com\/ar\/wp-json\/wp\/v2\/product\/"}],"about":[{"href":"https:\/\/etoile-plastique.com\/ar\/wp-json\/wp\/v2\/types\/product\/"}],"wp:featuredmedia":[{"embeddable":true,"href":"https:\/\/etoile-plastique.com\/ar\/wp-json\/wp\/v2\/media\/284\/"}],"wp:attachment":[{"href":"https:\/\/etoile-plastique.com\/ar\/wp-json\/wp\/v2\/media\/?parent=283"}],"curies":[{"name":"wp","href":"https:\/\/api.w.org\/{rel}","templated":true}]}}