{"id":287,"date":"2018-12-11T14:49:38","date_gmt":"2018-12-11T13:49:38","guid":{"rendered":"https:\/\/etoile-plastique.com\/produit\/table-ovale\/"},"modified":"2018-12-11T21:30:24","modified_gmt":"2018-12-11T20:30:24","slug":"table-ovale","status":"publish","type":"product","link":"https:\/\/etoile-plastique.com\/ar\/produit\/table-ovale\/","title":{"rendered":"TABLE OVALE"},"content":{"rendered":"","protected":false},"excerpt":{"rendered":"<p>Table de forme ovale, excellent choix pour un d\u00e9jeuner en famille en ext\u00e9rieur (terrasse ou jardin). Les pieds sont d\u00e9montables pour un rangement facile. Elle peut accueillir jusqu&rsquo;\u00e0 4 \u00e0 6 personnes. Elle a emplacement pour parasol au centre de la table<\/p>\n<p><a href=\"https:\/\/etoile-plastique.com\/ar\/produit\/table-ovale\/\">Continue Reading<span class=\"meta-nav\">&rarr;<\/span><\/a><\/p>\n","protected":false},"featured_media":288,"template":"","meta":[],"class_list":{"0":"post-287","1":"product","2":"type-product","3":"status-publish","4":"has-post-thumbnail","6":"product_cat-meubles-de-jardin-tables","7":"product_cat-meubles-de-jardin","9":"first","10":"instock","11":"shipping-taxable","12":"product-type-simple"},"_links":{"self":[{"href":"https:\/\/etoile-plastique.com\/ar\/wp-json\/wp\/v2\/product\/287\/"}],"collection":[{"href":"https:\/\/etoile-plastique.com\/ar\/wp-json\/wp\/v2\/product\/"}],"about":[{"href":"https:\/\/etoile-plastique.com\/ar\/wp-json\/wp\/v2\/types\/product\/"}],"wp:featuredmedia":[{"embeddable":true,"href":"https:\/\/etoile-plastique.com\/ar\/wp-json\/wp\/v2\/media\/288\/"}],"wp:attachment":[{"href":"https:\/\/etoile-plastique.com\/ar\/wp-json\/wp\/v2\/media\/?parent=287"}],"curies":[{"name":"wp","href":"https:\/\/api.w.org\/{rel}","templated":true}]}}