{"id":289,"date":"2018-12-11T14:49:38","date_gmt":"2018-12-11T13:49:38","guid":{"rendered":"https:\/\/etoile-plastique.com\/produit\/palette-de-manutention-2\/"},"modified":"2018-12-16T11:27:31","modified_gmt":"2018-12-16T10:27:31","slug":"palette-de-manutention-2","status":"publish","type":"product","link":"https:\/\/etoile-plastique.com\/ar\/produit\/palette-de-manutention-2\/","title":{"rendered":"PALETTE DE MANUTENTION"},"content":{"rendered":"","protected":false},"excerpt":{"rendered":"<p>Palettes industrielles en PEHD haute qualit\u00e9 dimension 1200&#215;800 mm ou 1200&#215;1000 mm, disponibles avec ou sans renforts metaliques . Elles disposent de 3 patins ou 9 pieds. Les palettes industrielles sont caract\u00e9ris\u00e9es comme robustes r\u00e9sistantes et polyvalentes sp\u00e9cialement pour les charges lourdes. Elles peuvent \u00eatre manipul\u00e9es avec chariot \u00e9l\u00e9vateur ou transpalette. Dimensions disponibles: 1200x1000x150 mm, 1200x1000x150 mm, 1200x800x150 mm, 1200x800x150 mm<br \/>\n Pleine 14,1 kg, Ajour\u00e9e 12,8 kg, Pleine 12,7 kg, Ajour\u00e9e 11,2 kg<br \/>\n .<\/p>\n<p><a href=\"https:\/\/etoile-plastique.com\/ar\/produit\/palette-de-manutention-2\/\">Continue Reading<span class=\"meta-nav\">&rarr;<\/span><\/a><\/p>\n","protected":false},"featured_media":290,"template":"","meta":[],"class_list":{"0":"post-289","1":"product","2":"type-product","3":"status-publish","4":"has-post-thumbnail","6":"product_cat-palettes-de-manutention-stockage-et-manutention","7":"product_cat-stockage-et-manutention","9":"first","10":"instock","11":"shipping-taxable","12":"product-type-simple"},"_links":{"self":[{"href":"https:\/\/etoile-plastique.com\/ar\/wp-json\/wp\/v2\/product\/289\/"}],"collection":[{"href":"https:\/\/etoile-plastique.com\/ar\/wp-json\/wp\/v2\/product\/"}],"about":[{"href":"https:\/\/etoile-plastique.com\/ar\/wp-json\/wp\/v2\/types\/product\/"}],"wp:featuredmedia":[{"embeddable":true,"href":"https:\/\/etoile-plastique.com\/ar\/wp-json\/wp\/v2\/media\/290\/"}],"wp:attachment":[{"href":"https:\/\/etoile-plastique.com\/ar\/wp-json\/wp\/v2\/media\/?parent=289"}],"curies":[{"name":"wp","href":"https:\/\/api.w.org\/{rel}","templated":true}]}}