{"id":291,"date":"2018-12-11T14:49:39","date_gmt":"2018-12-11T13:49:39","guid":{"rendered":"https:\/\/etoile-plastique.com\/produit\/tube-multicouche\/"},"modified":"2018-12-11T21:49:36","modified_gmt":"2018-12-11T20:49:36","slug":"tube-multicouche","status":"publish","type":"product","link":"https:\/\/etoile-plastique.com\/ar\/produit\/tube-multicouche\/","title":{"rendered":"TUBE MULTICOUCHE"},"content":{"rendered":"","protected":false},"excerpt":{"rendered":"<p>Nos tubes multicouches PE-X\/AL\/PE-X et PERT\/AL\/PERT sont conforme au norme ISO 21003 et utilis\u00e9s dans les installations sanitaires en combinaison avec de l\u2019eau froide et chaude, le chauffage traditionnelles avec radiateurs et le chauffage et de refroidissement par le sol.<br \/>\nLes tubes multicouches se composent, de l\u2019int\u00e9rieur vers<br \/>\nl\u2019ext\u00e9rieur, d\u2019une couche transparente en poly\u00e9thyl\u00e8ne<br \/>\nr\u00e9ticul\u00e9 au silane (PE-X), d\u2019une couche de colle, d\u2019une feuille<br \/>\nd\u2019aluminium (soud\u00e9 bout \u00e0 bout par les ondes ultrason afin d\u2019obtenir une barri\u00e8re anti-oxyg\u00e8ne 100%), d\u2019une couche de colle et d\u2019une couche blanche en poly\u00e9thyl\u00e8ne r\u00e9ticul\u00e9 (PE-X)<br \/>\nLes tubes multicouches ont des avantages comme:<br \/>\nle montage facile sans soudure<br \/>\n\u00e9vite le risque de la corrosion<br \/>\nexcellente fiabilit\u00e9 dans le temps<br \/>\nfaible dilatation thermique<br \/>\nimperm\u00e9able \u00e0 l&rsquo;oxyg\u00e8ne<br \/>\nesth\u00e9tique et silencieux Dimensions disponibles: \u00d816&#215;2 mm<br \/>\nCouronne 100M, \u00d820&#215;2 mm<br \/>\nCouronne 100M, \u00d826&#215;3 mm<br \/>\nCouronne 100M, \u00d832&#215;3 mm<br \/>\nCouronne 100M<\/p>\n<p><a href=\"https:\/\/etoile-plastique.com\/ar\/produit\/tube-multicouche\/\">Continue Reading<span class=\"meta-nav\">&rarr;<\/span><\/a><\/p>\n","protected":false},"featured_media":292,"template":"","meta":[],"class_list":{"0":"post-291","1":"product","2":"type-product","3":"status-publish","4":"has-post-thumbnail","6":"product_cat-multicouches","7":"product_cat-systeme-de-canalisation-plomberie","9":"first","10":"instock","11":"shipping-taxable","12":"product-type-simple"},"_links":{"self":[{"href":"https:\/\/etoile-plastique.com\/ar\/wp-json\/wp\/v2\/product\/291\/"}],"collection":[{"href":"https:\/\/etoile-plastique.com\/ar\/wp-json\/wp\/v2\/product\/"}],"about":[{"href":"https:\/\/etoile-plastique.com\/ar\/wp-json\/wp\/v2\/types\/product\/"}],"wp:featuredmedia":[{"embeddable":true,"href":"https:\/\/etoile-plastique.com\/ar\/wp-json\/wp\/v2\/media\/292\/"}],"wp:attachment":[{"href":"https:\/\/etoile-plastique.com\/ar\/wp-json\/wp\/v2\/media\/?parent=291"}],"curies":[{"name":"wp","href":"https:\/\/api.w.org\/{rel}","templated":true}]}}