{"id":293,"date":"2018-12-11T14:49:44","date_gmt":"2018-12-11T13:49:44","guid":{"rendered":"https:\/\/etoile-plastique.com\/produit\/tube-pehd-lisse-noir-avec-ou-sans-trait-bleu\/"},"modified":"2018-12-11T21:16:58","modified_gmt":"2018-12-11T20:16:58","slug":"tube-pehd-lisse-noir-avec-ou-sans-trait-bleu","status":"publish","type":"product","link":"https:\/\/etoile-plastique.com\/ar\/produit\/tube-pehd-lisse-noir-avec-ou-sans-trait-bleu\/","title":{"rendered":"TUBE PEHD LISSE NOIR AVEC OU SANS TRAIT BLEU"},"content":{"rendered":"","protected":false},"excerpt":{"rendered":"<p>Tubes fabriqu\u00e9s en poly\u00e9thyl\u00e8ne haute densit\u00e9, conforme \u00e0 la EN 12201. Les tubes PEHD noir \u00e0 traits bleus sont utilis\u00e9s dans les r\u00e9seaux enterr\u00e9s ou a\u00e9riens d\u2019adduction ou de distribution d\u2019eau potable et irrigation<\/p>\n<p><a href=\"https:\/\/etoile-plastique.com\/ar\/produit\/tube-pehd-lisse-noir-avec-ou-sans-trait-bleu\/\">Continue Reading<span class=\"meta-nav\">&rarr;<\/span><\/a><\/p>\n","protected":false},"featured_media":294,"template":"","meta":[],"class_list":{"0":"post-293","1":"product","2":"type-product","3":"status-publish","4":"has-post-thumbnail","6":"product_cat-pehd-systeme-de-canalisation-plomberie","7":"product_cat-systeme-de-canalisation-plomberie","9":"first","10":"instock","11":"shipping-taxable","12":"product-type-simple"},"_links":{"self":[{"href":"https:\/\/etoile-plastique.com\/ar\/wp-json\/wp\/v2\/product\/293\/"}],"collection":[{"href":"https:\/\/etoile-plastique.com\/ar\/wp-json\/wp\/v2\/product\/"}],"about":[{"href":"https:\/\/etoile-plastique.com\/ar\/wp-json\/wp\/v2\/types\/product\/"}],"wp:featuredmedia":[{"embeddable":true,"href":"https:\/\/etoile-plastique.com\/ar\/wp-json\/wp\/v2\/media\/294\/"}],"wp:attachment":[{"href":"https:\/\/etoile-plastique.com\/ar\/wp-json\/wp\/v2\/media\/?parent=293"}],"curies":[{"name":"wp","href":"https:\/\/api.w.org\/{rel}","templated":true}]}}