{"id":295,"date":"2018-12-11T14:49:45","date_gmt":"2018-12-11T13:49:45","guid":{"rendered":"https:\/\/etoile-plastique.com\/produit\/tube-a-souder-en-polypropylene-random-copolymere\/"},"modified":"2018-12-11T21:50:57","modified_gmt":"2018-12-11T20:50:57","slug":"tube-a-souder-en-polypropylene-random-copolymere","status":"publish","type":"product","link":"https:\/\/etoile-plastique.com\/ar\/produit\/tube-a-souder-en-polypropylene-random-copolymere\/","title":{"rendered":"TUBE A SOUDER EN POLYPROPYLENE RANDOM COPOLYMERE"},"content":{"rendered":"","protected":false},"excerpt":{"rendered":"<p>Tubes fabriqu\u00e9s en polypropyl\u00e8ne random copolym\u00e8re, conforme \u00e0 la norme DIN 15874<br \/>\nC&rsquo;est une solution \u00e9conomique et indispensable pour les syst\u00e8mes de canalisation int\u00e9rieurs pour eau froide et eau chaude. Le tube PPRC est caract\u00e9ris\u00e9e par sa l\u00e9g\u00e8ret\u00e9 et sa surface int\u00e9rieure lisse garantissant une bonne hygi\u00e8ne.<br \/>\nParmi les avantages de cette solution:<br \/>\nAssemblage tr\u00e8s facile par soudure thermique et ne requiert aucune comp\u00e9tence particuli\u00e8re<br \/>\nLa r\u00e9sistance \u00e0 la corrosion et aux agents chimiques.<br \/>\nLa r\u00e9sistance aux hautes pressions et la stabilit\u00e9 du produit<br \/>\nLa r\u00e9sistance aux chocs et aux charges ext\u00e9rieurs<br \/>\nBonne isolation thermique<\/p>\n<p><a href=\"https:\/\/etoile-plastique.com\/ar\/produit\/tube-a-souder-en-polypropylene-random-copolymere\/\">Continue Reading<span class=\"meta-nav\">&rarr;<\/span><\/a><\/p>\n","protected":false},"featured_media":296,"template":"","meta":[],"class_list":{"0":"post-295","1":"product","2":"type-product","3":"status-publish","4":"has-post-thumbnail","6":"product_cat-pprc","7":"product_cat-systeme-de-canalisation-plomberie","9":"first","10":"instock","11":"shipping-taxable","12":"product-type-simple"},"_links":{"self":[{"href":"https:\/\/etoile-plastique.com\/ar\/wp-json\/wp\/v2\/product\/295\/"}],"collection":[{"href":"https:\/\/etoile-plastique.com\/ar\/wp-json\/wp\/v2\/product\/"}],"about":[{"href":"https:\/\/etoile-plastique.com\/ar\/wp-json\/wp\/v2\/types\/product\/"}],"wp:featuredmedia":[{"embeddable":true,"href":"https:\/\/etoile-plastique.com\/ar\/wp-json\/wp\/v2\/media\/296\/"}],"wp:attachment":[{"href":"https:\/\/etoile-plastique.com\/ar\/wp-json\/wp\/v2\/media\/?parent=295"}],"curies":[{"name":"wp","href":"https:\/\/api.w.org\/{rel}","templated":true}]}}