{"id":109,"date":"2018-12-11T11:08:06","date_gmt":"2018-12-11T10:08:06","guid":{"rendered":"https:\/\/etoile-plastique.com\/produit\/abattant-siege-toilette\/"},"modified":"2018-12-12T23:46:26","modified_gmt":"2018-12-12T22:46:26","slug":"abattant-siege-toilette","status":"publish","type":"product","link":"https:\/\/etoile-plastique.com\/en\/produit\/abattant-siege-toilette\/","title":{"rendered":"ABATTANT SIEGE TOILETTE"},"content":{"rendered":"","protected":false},"excerpt":{"rendered":"<p>Indispensable pour votre confort et votre hygi\u00e8ne notre abattant WC est le meilleur choix. Il se montre r\u00e9sistant et tr\u00e8s pratique \u00e0 utiliser<\/p>\n<p><a href=\"https:\/\/etoile-plastique.com\/en\/produit\/abattant-siege-toilette\/\">Continue Reading<span class=\"meta-nav\">&rarr;<\/span><\/a><\/p>\n","protected":false},"featured_media":440,"template":"","meta":[],"class_list":{"0":"post-109","1":"product","2":"type-product","3":"status-publish","4":"has-post-thumbnail","6":"product_cat-abattant","7":"product_cat-systeme-de-canalisation-plomberie","9":"first","10":"instock","11":"shipping-taxable","12":"product-type-simple"},"_links":{"self":[{"href":"https:\/\/etoile-plastique.com\/en\/wp-json\/wp\/v2\/product\/109\/"}],"collection":[{"href":"https:\/\/etoile-plastique.com\/en\/wp-json\/wp\/v2\/product\/"}],"about":[{"href":"https:\/\/etoile-plastique.com\/en\/wp-json\/wp\/v2\/types\/product\/"}],"wp:featuredmedia":[{"embeddable":true,"href":"https:\/\/etoile-plastique.com\/en\/wp-json\/wp\/v2\/media\/440\/"}],"wp:attachment":[{"href":"https:\/\/etoile-plastique.com\/en\/wp-json\/wp\/v2\/media\/?parent=109"}],"curies":[{"name":"wp","href":"https:\/\/api.w.org\/{rel}","templated":true}]}}