{"id":149,"date":"2018-12-11T14:48:22","date_gmt":"2018-12-11T13:48:22","guid":{"rendered":"https:\/\/etoile-plastique.com\/produit\/bassine-ronde-31\/"},"modified":"2018-12-11T21:21:30","modified_gmt":"2018-12-11T20:21:30","slug":"bassine-ronde-31","status":"publish","type":"product","link":"https:\/\/etoile-plastique.com\/en\/produit\/bassine-ronde-31\/","title":{"rendered":"BASSINE RONDE 31"},"content":{"rendered":"","protected":false},"excerpt":{"rendered":"<p>Bassines avec des diametres diffirents \u00d827 CM, \u00d831 CM et \u00d856 CM conviennent parfaitement \u00e0 un usage r\u00e9gulier. L\u00e9g\u00e8res et r\u00e9sistantes, faciles \u00e0 ranger.<\/p>\n<p><a href=\"https:\/\/etoile-plastique.com\/en\/produit\/bassine-ronde-31\/\">Continue Reading<span class=\"meta-nav\">&rarr;<\/span><\/a><\/p>\n","protected":false},"featured_media":150,"template":"","meta":[],"class_list":{"0":"post-149","1":"product","2":"type-product","3":"status-publish","4":"has-post-thumbnail","6":"product_cat-articles-de-menages","7":"product_cat-articles-de-menages-bassine","9":"first","10":"instock","11":"shipping-taxable","12":"product-type-simple"},"_links":{"self":[{"href":"https:\/\/etoile-plastique.com\/en\/wp-json\/wp\/v2\/product\/149\/"}],"collection":[{"href":"https:\/\/etoile-plastique.com\/en\/wp-json\/wp\/v2\/product\/"}],"about":[{"href":"https:\/\/etoile-plastique.com\/en\/wp-json\/wp\/v2\/types\/product\/"}],"wp:featuredmedia":[{"embeddable":true,"href":"https:\/\/etoile-plastique.com\/en\/wp-json\/wp\/v2\/media\/150\/"}],"wp:attachment":[{"href":"https:\/\/etoile-plastique.com\/en\/wp-json\/wp\/v2\/media\/?parent=149"}],"curies":[{"name":"wp","href":"https:\/\/api.w.org\/{rel}","templated":true}]}}