{"id":163,"date":"2018-12-11T14:48:28","date_gmt":"2018-12-11T13:48:28","guid":{"rendered":"https:\/\/etoile-plastique.com\/produit\/corbeille-bakara\/"},"modified":"2018-12-16T11:39:21","modified_gmt":"2018-12-16T10:39:21","slug":"corbeille-bakara","status":"publish","type":"product","link":"https:\/\/etoile-plastique.com\/en\/produit\/corbeille-bakara\/","title":{"rendered":"CORBEILLE BAKARA"},"content":{"rendered":"","protected":false},"excerpt":{"rendered":"<p>Corbeille a linge en plastique robuste, convient tr\u00e8s bien pour collecter des quantit\u00e9s importantes de v\u00eatements. Les v\u00eatements peuvent respirer et le panier est \u00e9galement tr\u00e8s facile a nettoyer. Contenance : 60 L.<\/p>\n<p><a href=\"https:\/\/etoile-plastique.com\/en\/produit\/corbeille-bakara\/\">Continue Reading<span class=\"meta-nav\">&rarr;<\/span><\/a><\/p>\n","protected":false},"featured_media":164,"template":"","meta":[],"class_list":{"0":"post-163","1":"product","2":"type-product","3":"status-publish","4":"has-post-thumbnail","6":"product_cat-articles-de-menages","7":"product_cat-corbeilles-articles-de-menages","9":"first","10":"instock","11":"featured","12":"shipping-taxable","13":"product-type-simple"},"_links":{"self":[{"href":"https:\/\/etoile-plastique.com\/en\/wp-json\/wp\/v2\/product\/163\/"}],"collection":[{"href":"https:\/\/etoile-plastique.com\/en\/wp-json\/wp\/v2\/product\/"}],"about":[{"href":"https:\/\/etoile-plastique.com\/en\/wp-json\/wp\/v2\/types\/product\/"}],"wp:featuredmedia":[{"embeddable":true,"href":"https:\/\/etoile-plastique.com\/en\/wp-json\/wp\/v2\/media\/164\/"}],"wp:attachment":[{"href":"https:\/\/etoile-plastique.com\/en\/wp-json\/wp\/v2\/media\/?parent=163"}],"curies":[{"name":"wp","href":"https:\/\/api.w.org\/{rel}","templated":true}]}}