{"id":165,"date":"2018-12-11T14:48:29","date_gmt":"2018-12-11T13:48:29","guid":{"rendered":"https:\/\/etoile-plastique.com\/produit\/corbeille-a-linge-g-m\/"},"modified":"2018-12-16T12:18:26","modified_gmt":"2018-12-16T11:18:26","slug":"corbeille-a-linge-g-m","status":"publish","type":"product","link":"https:\/\/etoile-plastique.com\/en\/produit\/corbeille-a-linge-g-m\/","title":{"rendered":"CORBEILLE A LINGE G.M"},"content":{"rendered":"","protected":false},"excerpt":{"rendered":"<p>Corbeille rectangulaire grand model 120 litres comprend 2 poign\u00e9es lat\u00e9rales pour une bonne prise en main. Panier \u00e0 linge ajour\u00e9 sur les 4 c\u00f4t\u00e9s pour laisser respirer votre linge. Nettoyage facile.<\/p>\n<p>&nbsp;<\/p>\n<p><em><strong><a href=\"https:\/\/etoile-plastique.com\/wp-content\/uploads\/2018\/12\/image022-2.png\" target=\"_blank\" rel=\"noopener\">T\u00e9l\u00e9charger la brochure cliquez ici<\/a><\/strong><\/em><\/p>\n<p><a href=\"https:\/\/etoile-plastique.com\/en\/produit\/corbeille-a-linge-g-m\/\">Continue Reading<span class=\"meta-nav\">&rarr;<\/span><\/a><\/p>\n","protected":false},"featured_media":166,"template":"","meta":[],"class_list":{"0":"post-165","1":"product","2":"type-product","3":"status-publish","4":"has-post-thumbnail","6":"product_cat-articles-de-menages","7":"product_cat-corbeilles-articles-de-menages","9":"first","10":"instock","11":"featured","12":"shipping-taxable","13":"product-type-simple"},"_links":{"self":[{"href":"https:\/\/etoile-plastique.com\/en\/wp-json\/wp\/v2\/product\/165\/"}],"collection":[{"href":"https:\/\/etoile-plastique.com\/en\/wp-json\/wp\/v2\/product\/"}],"about":[{"href":"https:\/\/etoile-plastique.com\/en\/wp-json\/wp\/v2\/types\/product\/"}],"wp:featuredmedia":[{"embeddable":true,"href":"https:\/\/etoile-plastique.com\/en\/wp-json\/wp\/v2\/media\/166\/"}],"wp:attachment":[{"href":"https:\/\/etoile-plastique.com\/en\/wp-json\/wp\/v2\/media\/?parent=165"}],"curies":[{"name":"wp","href":"https:\/\/api.w.org\/{rel}","templated":true}]}}