{"id":169,"date":"2018-12-11T14:48:31","date_gmt":"2018-12-11T13:48:31","guid":{"rendered":"https:\/\/etoile-plastique.com\/produit\/cylindre-220-l-double-bouchon\/"},"modified":"2018-12-11T21:27:18","modified_gmt":"2018-12-11T20:27:18","slug":"cylindre-220-l-double-bouchon","status":"publish","type":"product","link":"https:\/\/etoile-plastique.com\/en\/produit\/cylindre-220-l-double-bouchon\/","title":{"rendered":"CYLINDRE 220 L DOUBLE BOUCHON"},"content":{"rendered":"","protected":false},"excerpt":{"rendered":"<p>Fabriqu\u00e9 en poly\u00e9thyl\u00e8ne haute densit\u00e9 selon l&rsquo;homologation 1H1\/Y1.9\/200, il est \u00e9tanche, inodore et peut servir pour le conditionnement de produits alimentaires, les produits visqueux, liquides ou chimiques. Sur le dessus, vous retrouvez 2 bouchons avec joint d&rsquo;\u00e9tanch\u00e9it\u00e9 et une bande pour la manipulation manuelle ou automatique<\/p>\n<p><a href=\"https:\/\/etoile-plastique.com\/en\/produit\/cylindre-220-l-double-bouchon\/\">Continue Reading<span class=\"meta-nav\">&rarr;<\/span><\/a><\/p>\n","protected":false},"featured_media":170,"template":"","meta":[],"class_list":{"0":"post-169","1":"product","2":"type-product","3":"status-publish","4":"has-post-thumbnail","6":"product_cat-emballage","7":"product_cat-emballage-les-futs","9":"first","10":"instock","11":"shipping-taxable","12":"product-type-simple"},"_links":{"self":[{"href":"https:\/\/etoile-plastique.com\/en\/wp-json\/wp\/v2\/product\/169\/"}],"collection":[{"href":"https:\/\/etoile-plastique.com\/en\/wp-json\/wp\/v2\/product\/"}],"about":[{"href":"https:\/\/etoile-plastique.com\/en\/wp-json\/wp\/v2\/types\/product\/"}],"wp:featuredmedia":[{"embeddable":true,"href":"https:\/\/etoile-plastique.com\/en\/wp-json\/wp\/v2\/media\/170\/"}],"wp:attachment":[{"href":"https:\/\/etoile-plastique.com\/en\/wp-json\/wp\/v2\/media\/?parent=169"}],"curies":[{"name":"wp","href":"https:\/\/api.w.org\/{rel}","templated":true}]}}