{"id":189,"date":"2018-12-11T14:48:39","date_gmt":"2018-12-11T13:48:39","guid":{"rendered":"https:\/\/etoile-plastique.com\/produit\/containers-770-litres\/"},"modified":"2018-12-11T21:40:10","modified_gmt":"2018-12-11T20:40:10","slug":"containers-770-litres","status":"publish","type":"product","link":"https:\/\/etoile-plastique.com\/en\/produit\/containers-770-litres\/","title":{"rendered":"CONTAINERS 770 LITRES"},"content":{"rendered":"","protected":false},"excerpt":{"rendered":"<p>Conteneur \u00e0 d\u00e9chets mobile , d&rsquo;une capacit\u00e9 de 770 litres.<br \/>\n Fabriqu\u00e9 en polythyl\u00e8ne haute densit\u00e9 et suivant la norme EN 840 et conforme au marquage CE<br \/>\n Le couvercle bascule enti\u00e8rement \u00e0 l&rsquo;arri\u00e8re, et pour faciliter la manipulation, le conteneur est mont\u00e9 sur 4 roues en caoutchouc massif dont 2 avec un syst\u00e8me de frein, qui r\u00e9pondent aux r\u00e9glementations concernant l&rsquo;insonorisation suivant la directive CE<\/p>\n<p><a href=\"https:\/\/etoile-plastique.com\/en\/produit\/containers-770-litres\/\">Continue Reading<span class=\"meta-nav\">&rarr;<\/span><\/a><\/p>\n","protected":false},"featured_media":190,"template":"","meta":[],"class_list":{"0":"post-189","1":"product","2":"type-product","3":"status-publish","4":"has-post-thumbnail","6":"product_cat-containers-4-roues","7":"product_cat-mobiliers-urbain","9":"first","10":"instock","11":"shipping-taxable","12":"product-type-simple"},"_links":{"self":[{"href":"https:\/\/etoile-plastique.com\/en\/wp-json\/wp\/v2\/product\/189\/"}],"collection":[{"href":"https:\/\/etoile-plastique.com\/en\/wp-json\/wp\/v2\/product\/"}],"about":[{"href":"https:\/\/etoile-plastique.com\/en\/wp-json\/wp\/v2\/types\/product\/"}],"wp:featuredmedia":[{"embeddable":true,"href":"https:\/\/etoile-plastique.com\/en\/wp-json\/wp\/v2\/media\/190\/"}],"wp:attachment":[{"href":"https:\/\/etoile-plastique.com\/en\/wp-json\/wp\/v2\/media\/?parent=189"}],"curies":[{"name":"wp","href":"https:\/\/api.w.org\/{rel}","templated":true}]}}