{"id":195,"date":"2018-12-11T14:48:46","date_gmt":"2018-12-11T13:48:46","guid":{"rendered":"https:\/\/etoile-plastique.com\/produit\/containers-140-litres-a-roue\/"},"modified":"2018-12-16T11:35:04","modified_gmt":"2018-12-16T10:35:04","slug":"containers-140-litres-a-roue","status":"publish","type":"product","link":"https:\/\/etoile-plastique.com\/en\/produit\/containers-140-litres-a-roue\/","title":{"rendered":"CONTAINERS 140 LITRES A\/ROUE"},"content":{"rendered":"","protected":false},"excerpt":{"rendered":"<p>Bac roulant en poly\u00e9thyl\u00e8ne haute densit\u00e9 d&rsquo;une capacit\u00e9 140 litres destin\u00e9 \u00e0 la collecte des ordures m\u00e9nag\u00e8res ou s\u00e9lective. Conforme aux normes europ\u00e9ennes EN840 et marquage CE<br \/>\n Le conteneur est mont\u00e9 sur 2 roues \u00e0 bandage en caoutchouc souples et silencieuses, qui r\u00e9pondent aux r\u00e9glementations concernant l&rsquo;insonorisation suivant la directive CE<br \/>\n Son couvercle ergonomique et herm\u00e9tique qui facilite la prise en main pour \u00e9viter de vous salir.<\/p>\n<p><a href=\"https:\/\/etoile-plastique.com\/en\/produit\/containers-140-litres-a-roue\/\">Continue Reading<span class=\"meta-nav\">&rarr;<\/span><\/a><\/p>\n","protected":false},"featured_media":196,"template":"","meta":[],"class_list":{"0":"post-195","1":"product","2":"type-product","3":"status-publish","4":"has-post-thumbnail","6":"product_cat-containers-2-roues-mobiliers-urbain","7":"product_cat-mobiliers-urbain","9":"first","10":"instock","11":"featured","12":"shipping-taxable","13":"product-type-simple"},"_links":{"self":[{"href":"https:\/\/etoile-plastique.com\/en\/wp-json\/wp\/v2\/product\/195\/"}],"collection":[{"href":"https:\/\/etoile-plastique.com\/en\/wp-json\/wp\/v2\/product\/"}],"about":[{"href":"https:\/\/etoile-plastique.com\/en\/wp-json\/wp\/v2\/types\/product\/"}],"wp:featuredmedia":[{"embeddable":true,"href":"https:\/\/etoile-plastique.com\/en\/wp-json\/wp\/v2\/media\/196\/"}],"wp:attachment":[{"href":"https:\/\/etoile-plastique.com\/en\/wp-json\/wp\/v2\/media\/?parent=195"}],"curies":[{"name":"wp","href":"https:\/\/api.w.org\/{rel}","templated":true}]}}