{"id":204,"date":"2018-12-11T14:48:49","date_gmt":"2018-12-11T13:48:49","guid":{"rendered":"https:\/\/etoile-plastique.com\/produit\/containers-60-litres\/"},"modified":"2018-12-11T21:33:36","modified_gmt":"2018-12-11T20:33:36","slug":"containers-60-litres","status":"publish","type":"product","link":"https:\/\/etoile-plastique.com\/en\/produit\/containers-60-litres\/","title":{"rendered":"CONTAINERS 60 LITRES"},"content":{"rendered":"","protected":false},"excerpt":{"rendered":"<p>Fabriqu\u00e9e en polypropyl\u00e8ne, le CRT est stable et durable, pour une utilisation intensive dans diff\u00e9rents environnements.<br \/>\n Avec une capacit\u00e9 de 60 litres, le CRT est vraiment pratique, sa forme rectangulaire et compacte permet de gagner de l&rsquo;espace et ce m\u00eame dans les endroits les plus exigus.<br \/>\n Le couvercle s&rsquo;ouvre enti\u00e8rement pour faciliter le vidange de d\u00e9chets. S&rsquo;utilise avec ou sans sac poubelle.<\/p>\n<p><a href=\"https:\/\/etoile-plastique.com\/en\/produit\/containers-60-litres\/\">Continue Reading<span class=\"meta-nav\">&rarr;<\/span><\/a><\/p>\n","protected":false},"featured_media":205,"template":"","meta":[],"class_list":{"0":"post-204","1":"product","2":"type-product","3":"status-publish","4":"has-post-thumbnail","6":"product_cat-articles-de-proprete-mobiliers-urbain","7":"product_cat-mobiliers-urbain","9":"first","10":"instock","11":"shipping-taxable","12":"product-type-simple"},"_links":{"self":[{"href":"https:\/\/etoile-plastique.com\/en\/wp-json\/wp\/v2\/product\/204\/"}],"collection":[{"href":"https:\/\/etoile-plastique.com\/en\/wp-json\/wp\/v2\/product\/"}],"about":[{"href":"https:\/\/etoile-plastique.com\/en\/wp-json\/wp\/v2\/types\/product\/"}],"wp:featuredmedia":[{"embeddable":true,"href":"https:\/\/etoile-plastique.com\/en\/wp-json\/wp\/v2\/media\/205\/"}],"wp:attachment":[{"href":"https:\/\/etoile-plastique.com\/en\/wp-json\/wp\/v2\/media\/?parent=204"}],"curies":[{"name":"wp","href":"https:\/\/api.w.org\/{rel}","templated":true}]}}