{"id":209,"date":"2018-12-11T14:48:50","date_gmt":"2018-12-11T13:48:50","guid":{"rendered":"https:\/\/etoile-plastique.com\/produit\/chariot-pelle\/"},"modified":"2018-12-13T14:05:34","modified_gmt":"2018-12-13T13:05:34","slug":"chariot-pelle","status":"publish","type":"product","link":"https:\/\/etoile-plastique.com\/en\/produit\/chariot-pelle\/","title":{"rendered":"CHARIOT PELLE"},"content":{"rendered":"","protected":false},"excerpt":{"rendered":"<p>Une pelle basculante avec roulette et manche en bois. Un choix est id\u00e9al pour le balayage des sols ou des d\u00e9tritus sans avoir \u00e0 se baisser<\/p>\n<p><a href=\"https:\/\/etoile-plastique.com\/en\/produit\/chariot-pelle\/\">Continue Reading<span class=\"meta-nav\">&rarr;<\/span><\/a><\/p>\n","protected":false},"featured_media":485,"template":"","meta":[],"class_list":{"0":"post-209","1":"product","2":"type-product","3":"status-publish","4":"has-post-thumbnail","6":"product_cat-articles-de-proprete-mobiliers-urbain","7":"product_cat-mobiliers-urbain","9":"first","10":"instock","11":"shipping-taxable","12":"product-type-simple"},"_links":{"self":[{"href":"https:\/\/etoile-plastique.com\/en\/wp-json\/wp\/v2\/product\/209\/"}],"collection":[{"href":"https:\/\/etoile-plastique.com\/en\/wp-json\/wp\/v2\/product\/"}],"about":[{"href":"https:\/\/etoile-plastique.com\/en\/wp-json\/wp\/v2\/types\/product\/"}],"wp:featuredmedia":[{"embeddable":true,"href":"https:\/\/etoile-plastique.com\/en\/wp-json\/wp\/v2\/media\/485\/"}],"wp:attachment":[{"href":"https:\/\/etoile-plastique.com\/en\/wp-json\/wp\/v2\/media\/?parent=209"}],"curies":[{"name":"wp","href":"https:\/\/api.w.org\/{rel}","templated":true}]}}