{"id":222,"date":"2018-12-11T14:48:57","date_gmt":"2018-12-11T13:48:57","guid":{"rendered":"https:\/\/etoile-plastique.com\/produit\/caisse-a-poisson-p-m\/"},"modified":"2018-12-16T11:32:33","modified_gmt":"2018-12-16T10:32:33","slug":"caisse-a-poisson-p-m","status":"publish","type":"product","link":"https:\/\/etoile-plastique.com\/en\/produit\/caisse-a-poisson-p-m\/","title":{"rendered":"CAISSE A POISSON P.M"},"content":{"rendered":"","protected":false},"excerpt":{"rendered":"<p>Nos caisses \u00e0 poisson sont gerbables et embo\u00eetables qui ont \u00e9t\u00e9 particuli\u00e8rement d\u00e9velopp\u00e9s pour l&rsquo;industrie de la p\u00eache.<br \/>\n Adapt\u00e9s \u00e0 une utilisation intensive sur des bateaux de p\u00eache, en viviers, en conserverie etc\u2026<br \/>\n Poign\u00e9es ergonomiques<br \/>\n R\u00e9sistants aux chocs thermiques<br \/>\n Mat\u00e9riau plastique vierge, certifi\u00e9 pour un usage alimentaire<\/p>\n<p><a href=\"https:\/\/etoile-plastique.com\/en\/produit\/caisse-a-poisson-p-m\/\">Continue Reading<span class=\"meta-nav\">&rarr;<\/span><\/a><\/p>\n","protected":false},"featured_media":223,"template":"","meta":[],"class_list":{"0":"post-222","1":"product","2":"type-product","3":"status-publish","4":"has-post-thumbnail","6":"product_cat-palox-et-caisses-legumes-fruits","7":"product_cat-stockage-et-manutention","9":"first","10":"instock","11":"featured","12":"shipping-taxable","13":"product-type-simple"},"_links":{"self":[{"href":"https:\/\/etoile-plastique.com\/en\/wp-json\/wp\/v2\/product\/222\/"}],"collection":[{"href":"https:\/\/etoile-plastique.com\/en\/wp-json\/wp\/v2\/product\/"}],"about":[{"href":"https:\/\/etoile-plastique.com\/en\/wp-json\/wp\/v2\/types\/product\/"}],"wp:featuredmedia":[{"embeddable":true,"href":"https:\/\/etoile-plastique.com\/en\/wp-json\/wp\/v2\/media\/223\/"}],"wp:attachment":[{"href":"https:\/\/etoile-plastique.com\/en\/wp-json\/wp\/v2\/media\/?parent=222"}],"curies":[{"name":"wp","href":"https:\/\/api.w.org\/{rel}","templated":true}]}}