{"id":236,"date":"2018-12-11T14:49:07","date_gmt":"2018-12-11T13:49:07","guid":{"rendered":"https:\/\/etoile-plastique.com\/produit\/chaise-elegance\/"},"modified":"2018-12-11T21:29:13","modified_gmt":"2018-12-11T20:29:13","slug":"chaise-elegance","status":"publish","type":"product","link":"https:\/\/etoile-plastique.com\/en\/produit\/chaise-elegance\/","title":{"rendered":"CHAISE ELEGANCE"},"content":{"rendered":"","protected":false},"excerpt":{"rendered":"<p>Chaise monobloc classique et intemporelle, fabriqu\u00e9e en polypropyl\u00e8ne trait\u00e9e anti-UV. Con\u00e7ue pour un usage intensif, elle a l\u2019avantage d\u2019\u00eatre solide. Elle r\u00e9siste aux variations de temp\u00e9rature et conserve parfaitement ses couleurs dans le temps. Son dossier, l\u00e9g\u00e8rement inclin\u00e9, et son assise souples offrent un grand confort \u00e0 l\u2019utilisateur. Facile a ranger et a nettoyer<\/p>\n<p><a href=\"https:\/\/etoile-plastique.com\/en\/produit\/chaise-elegance\/\">Continue Reading<span class=\"meta-nav\">&rarr;<\/span><\/a><\/p>\n","protected":false},"featured_media":237,"template":"","meta":[],"class_list":{"0":"post-236","1":"product","2":"type-product","3":"status-publish","4":"has-post-thumbnail","6":"product_cat-meubles-de-jardin-chaises","7":"product_cat-meubles-de-jardin","9":"first","10":"instock","11":"shipping-taxable","12":"product-type-simple"},"_links":{"self":[{"href":"https:\/\/etoile-plastique.com\/en\/wp-json\/wp\/v2\/product\/236\/"}],"collection":[{"href":"https:\/\/etoile-plastique.com\/en\/wp-json\/wp\/v2\/product\/"}],"about":[{"href":"https:\/\/etoile-plastique.com\/en\/wp-json\/wp\/v2\/types\/product\/"}],"wp:featuredmedia":[{"embeddable":true,"href":"https:\/\/etoile-plastique.com\/en\/wp-json\/wp\/v2\/media\/237\/"}],"wp:attachment":[{"href":"https:\/\/etoile-plastique.com\/en\/wp-json\/wp\/v2\/media\/?parent=236"}],"curies":[{"name":"wp","href":"https:\/\/api.w.org\/{rel}","templated":true}]}}