{"id":251,"date":"2018-12-11T14:49:18","date_gmt":"2018-12-11T13:49:18","guid":{"rendered":"https:\/\/etoile-plastique.com\/produit\/tabouret-pliable\/"},"modified":"2018-12-13T14:27:02","modified_gmt":"2018-12-13T13:27:02","slug":"tabouret-pliable","status":"publish","type":"product","link":"https:\/\/etoile-plastique.com\/en\/produit\/tabouret-pliable\/","title":{"rendered":"TABOURET PLIABLE"},"content":{"rendered":"","protected":false},"excerpt":{"rendered":"<p>Un tabouret l\u00e9ger, solide et r\u00e9sistant st parfait pour une utilisation int\u00e9rieure ou ext\u00e9rieure, dans la cuisine ou jardin<br \/>\nPens\u00e9 pour se plier facilement et rapidement, il suffit de tirer la poign\u00e9e et pousser les c\u00f4t\u00e9s. Sa poign\u00e9e de transport ergonomique vous permet de l&#8217;emporter partout, facilement et sans contrainte<\/p>\n<p><a href=\"https:\/\/etoile-plastique.com\/en\/produit\/tabouret-pliable\/\">Continue Reading<span class=\"meta-nav\">&rarr;<\/span><\/a><\/p>\n","protected":false},"featured_media":517,"template":"","meta":[],"class_list":{"0":"post-251","1":"product","2":"type-product","3":"status-publish","4":"has-post-thumbnail","6":"product_cat-meubles-de-jardin-chaises","7":"product_cat-meubles-de-jardin","9":"first","10":"instock","11":"shipping-taxable","12":"product-type-simple"},"_links":{"self":[{"href":"https:\/\/etoile-plastique.com\/en\/wp-json\/wp\/v2\/product\/251\/"}],"collection":[{"href":"https:\/\/etoile-plastique.com\/en\/wp-json\/wp\/v2\/product\/"}],"about":[{"href":"https:\/\/etoile-plastique.com\/en\/wp-json\/wp\/v2\/types\/product\/"}],"wp:featuredmedia":[{"embeddable":true,"href":"https:\/\/etoile-plastique.com\/en\/wp-json\/wp\/v2\/media\/517\/"}],"wp:attachment":[{"href":"https:\/\/etoile-plastique.com\/en\/wp-json\/wp\/v2\/media\/?parent=251"}],"curies":[{"name":"wp","href":"https:\/\/api.w.org\/{rel}","templated":true}]}}