{"id":253,"date":"2018-12-11T14:49:19","date_gmt":"2018-12-11T13:49:19","guid":{"rendered":"https:\/\/etoile-plastique.com\/produit\/siphon-siege\/"},"modified":"2018-12-11T21:50:42","modified_gmt":"2018-12-11T20:50:42","slug":"siphon-siege","status":"publish","type":"product","link":"https:\/\/etoile-plastique.com\/en\/produit\/siphon-siege\/","title":{"rendered":"SIPHON SIEGE"},"content":{"rendered":"","protected":false},"excerpt":{"rendered":"<p>Siphon si\u00e8ge \u00e0 la turque \u00e0 sortie verticale \u00d8 100 avec joint \u00e9lasthom\u00e8re<\/p>\n<p><a href=\"https:\/\/etoile-plastique.com\/en\/produit\/siphon-siege\/\">Continue Reading<span class=\"meta-nav\">&rarr;<\/span><\/a><\/p>\n","protected":false},"featured_media":254,"template":"","meta":[],"class_list":{"0":"post-253","1":"product","2":"type-product","3":"status-publish","4":"has-post-thumbnail","6":"product_cat-siphon-de-toilette-systeme-de-canalisation-plomberie","7":"product_cat-systeme-de-canalisation-plomberie","9":"first","10":"instock","11":"shipping-taxable","12":"product-type-simple"},"_links":{"self":[{"href":"https:\/\/etoile-plastique.com\/en\/wp-json\/wp\/v2\/product\/253\/"}],"collection":[{"href":"https:\/\/etoile-plastique.com\/en\/wp-json\/wp\/v2\/product\/"}],"about":[{"href":"https:\/\/etoile-plastique.com\/en\/wp-json\/wp\/v2\/types\/product\/"}],"wp:featuredmedia":[{"embeddable":true,"href":"https:\/\/etoile-plastique.com\/en\/wp-json\/wp\/v2\/media\/254\/"}],"wp:attachment":[{"href":"https:\/\/etoile-plastique.com\/en\/wp-json\/wp\/v2\/media\/?parent=253"}],"curies":[{"name":"wp","href":"https:\/\/api.w.org\/{rel}","templated":true}]}}