{"id":273,"date":"2018-12-11T14:49:31","date_gmt":"2018-12-11T13:49:31","guid":{"rendered":"https:\/\/etoile-plastique.com\/produit\/mannequin\/"},"modified":"2018-12-11T14:49:31","modified_gmt":"2018-12-11T13:49:31","slug":"mannequin","status":"publish","type":"product","link":"https:\/\/etoile-plastique.com\/en\/produit\/mannequin\/","title":{"rendered":"MANNEQUIN"},"content":{"rendered":"","protected":false},"excerpt":{"rendered":"<p>Bustes \u00e0 poser pour vitrine pr\u00eat \u00e0 porter pour valoriser votre collection, (bustes lingerie, buste couture, buste femme torso, buste homme torso, buste enfant torso, jambes) sont fabriqu\u00e9s en poly\u00e9thyl\u00e8ne Ils vous aideront \u00e0 donner vie \u00e0 votre magasin, en mettant en avant une partie de votre collection.<\/p>\n<p><a href=\"https:\/\/etoile-plastique.com\/en\/produit\/mannequin\/\">Continue Reading<span class=\"meta-nav\">&rarr;<\/span><\/a><\/p>\n","protected":false},"featured_media":274,"template":"","meta":[],"class_list":{"0":"post-273","1":"product","2":"type-product","3":"status-publish","4":"has-post-thumbnail","6":"product_cat-mannequins","8":"first","9":"instock","10":"shipping-taxable","11":"product-type-simple"},"_links":{"self":[{"href":"https:\/\/etoile-plastique.com\/en\/wp-json\/wp\/v2\/product\/273\/"}],"collection":[{"href":"https:\/\/etoile-plastique.com\/en\/wp-json\/wp\/v2\/product\/"}],"about":[{"href":"https:\/\/etoile-plastique.com\/en\/wp-json\/wp\/v2\/types\/product\/"}],"wp:featuredmedia":[{"embeddable":true,"href":"https:\/\/etoile-plastique.com\/en\/wp-json\/wp\/v2\/media\/274\/"}],"wp:attachment":[{"href":"https:\/\/etoile-plastique.com\/en\/wp-json\/wp\/v2\/media\/?parent=273"}],"curies":[{"name":"wp","href":"https:\/\/api.w.org\/{rel}","templated":true}]}}