{"id":297,"date":"2018-12-11T14:49:48","date_gmt":"2018-12-11T13:49:48","guid":{"rendered":"https:\/\/etoile-plastique.com\/produit\/tube-a-filter-en-cpvc-astm-d2846-shedule-80\/"},"modified":"2018-12-11T21:45:49","modified_gmt":"2018-12-11T20:45:49","slug":"tube-a-filter-en-cpvc-astm-d2846-shedule-80","status":"publish","type":"product","link":"https:\/\/etoile-plastique.com\/en\/produit\/tube-a-filter-en-cpvc-astm-d2846-shedule-80\/","title":{"rendered":"TUBE A FILTER EN CPVC ASTM D2846 SHEDULE 80"},"content":{"rendered":"","protected":false},"excerpt":{"rendered":"<p>Fabriqu\u00e9 \u00e0 partir de PVC surchlor\u00e9 conforme au standard am\u00e9ricain ASTM D2846 Les tubes CPVC \u00a0\u00bb TIGRE\u00a0\u00bb pr\u00e9sentent les m\u00eames avantages que les tubes PPRC. La seule et l&rsquo;unique diff\u00e9rence est les dimensions.<br \/>\nLes tubes CPVC \u00a0\u00bb TIGRE\u00a0\u00bb ont des dimensions similaires aux tubes galvanis\u00e9s pour permettre l&rsquo;utilisation des accessoires en galva avec un syst\u00e8me de filetage Whitworth, Dimensions disponibles: \u00d8ext 21 \u00d8int 15<br \/>\nBarre 6M, \u00d8ext 27 \u00d8int 20<br \/>\nBarre 6M, \u00d8ext 34 \u00d8int 26<br \/>\nBarre 6M, \u00d8ext 42 \u00d8int 33<br \/>\nBarre 6M, \u00d8ext 49 \u00d8int 40<br \/>\nBarre 5M<\/p>\n<p><a href=\"https:\/\/etoile-plastique.com\/en\/produit\/tube-a-filter-en-cpvc-astm-d2846-shedule-80\/\">Continue Reading<span class=\"meta-nav\">&rarr;<\/span><\/a><\/p>\n","protected":false},"featured_media":298,"template":"","meta":[],"class_list":{"0":"post-297","1":"product","2":"type-product","3":"status-publish","4":"has-post-thumbnail","6":"product_cat-cpvc-systeme-de-canalisation-plomberie","7":"product_cat-systeme-de-canalisation-plomberie","9":"first","10":"instock","11":"shipping-taxable","12":"product-type-simple"},"_links":{"self":[{"href":"https:\/\/etoile-plastique.com\/en\/wp-json\/wp\/v2\/product\/297\/"}],"collection":[{"href":"https:\/\/etoile-plastique.com\/en\/wp-json\/wp\/v2\/product\/"}],"about":[{"href":"https:\/\/etoile-plastique.com\/en\/wp-json\/wp\/v2\/types\/product\/"}],"wp:featuredmedia":[{"embeddable":true,"href":"https:\/\/etoile-plastique.com\/en\/wp-json\/wp\/v2\/media\/298\/"}],"wp:attachment":[{"href":"https:\/\/etoile-plastique.com\/en\/wp-json\/wp\/v2\/media\/?parent=297"}],"curies":[{"name":"wp","href":"https:\/\/api.w.org\/{rel}","templated":true}]}}