{"id":311,"date":"2018-12-11T14:49:54","date_gmt":"2018-12-11T13:49:54","guid":{"rendered":"https:\/\/etoile-plastique.com\/produit\/reservoire-1000-litres\/"},"modified":"2018-12-25T12:19:45","modified_gmt":"2018-12-25T11:19:45","slug":"reservoire-1000-litres","status":"publish","type":"product","link":"https:\/\/etoile-plastique.com\/en\/produit\/reservoire-1000-litres\/","title":{"rendered":"RESERVOIRE 1000 LITRES"},"content":{"rendered":"","protected":false},"excerpt":{"rendered":"<p>Model monobloc fabriqu\u00e9 en poly\u00e9thyl\u00e8ne de haute densit\u00e9 (PEHD) trait\u00e9 anti-UV qualit\u00e9 alimentaire<br \/>\n Nos r\u00e9servoirs repr\u00e9sentent pleusieurs avantages:<br \/>\n Une grande ouverture (\u00d8420 mm) avec couvercle viss\u00e9 de 16&Prime; pouce pour permettre \u00e0 un adulte de nettoyer \u00e0 l&rsquo;int\u00e9rieur avec aisance. Accessoires de plomberie d\u00e9ja install\u00e9s comme l&rsquo; entr\u00e9e de remplissage de 1&Prime; (pouce), la sortie de vidange de 1,5&Prime; (pouce) et le bouchon d&rsquo;ar\u00e9sol de 3,5&Prime; (pouce)<\/p>\n<p><a href=\"https:\/\/etoile-plastique.com\/en\/produit\/reservoire-1000-litres\/\">Continue Reading<span class=\"meta-nav\">&rarr;<\/span><\/a><\/p>\n","protected":false},"featured_media":312,"template":"","meta":[],"class_list":{"0":"post-311","1":"product","2":"type-product","3":"status-publish","4":"has-post-thumbnail","6":"product_cat-citernes-2","8":"first","9":"instock","10":"shipping-taxable","11":"product-type-simple"},"_links":{"self":[{"href":"https:\/\/etoile-plastique.com\/en\/wp-json\/wp\/v2\/product\/311\/"}],"collection":[{"href":"https:\/\/etoile-plastique.com\/en\/wp-json\/wp\/v2\/product\/"}],"about":[{"href":"https:\/\/etoile-plastique.com\/en\/wp-json\/wp\/v2\/types\/product\/"}],"wp:featuredmedia":[{"embeddable":true,"href":"https:\/\/etoile-plastique.com\/en\/wp-json\/wp\/v2\/media\/312\/"}],"wp:attachment":[{"href":"https:\/\/etoile-plastique.com\/en\/wp-json\/wp\/v2\/media\/?parent=311"}],"curies":[{"name":"wp","href":"https:\/\/api.w.org\/{rel}","templated":true}]}}