{"id":670,"date":"2018-12-11T12:33:39","date_gmt":"2018-12-11T11:33:39","guid":{"rendered":"https:\/\/etoile-plastique.com\/?page_id=670"},"modified":"2018-12-23T00:23:30","modified_gmt":"2018-12-22T23:23:30","slug":"presentacion-de-nuestra-empresa","status":"publish","type":"page","link":"https:\/\/etoile-plastique.com\/es\/presentacion-de-nuestra-empresa\/","title":{"rendered":"presentaci\u00f3n de nuestra empresa"},"content":{"rendered":"<div class=\"scc_A-propos_html_row0 row\">\n<div class=\"post_column col-lg-12 col-md-12 col-sm-12 col-xs-12\">\n<div class=\"scc_A-propos_html_column00\">\n<div style=\"height: 0px; width: 0px; overflow: hidden; -webkit-margin-top-collapse: separate;\"><\/div>\n<div class=\"html_content\">\n<p>&nbsp;<\/p>\n<p><span style=\"font-family: 'Asul','Arial'; font-size: 1.714em;\">Presentaci\u00f3n de nuestra empresa<\/span><\/p>\n<p>&nbsp;<\/p>\n<hr class=\"scc_image\" style=\"float: none; display: block; text-align: center; overflow: hidden; border-width: 2px 0px 0px 0px; border-color: rgba(218,36,26,1); border-style: Solid;\" \/>\n<p>&nbsp;<\/p>\n<\/div>\n<div style=\"height: 0px; width: 0px; overflow: hidden; -webkit-margin-top-collapse: separate;\"><\/div>\n<div style=\"clear: both;\"><\/div>\n<\/div>\n<\/div>\n<\/div>\n<div class=\"scc_A-propos_html_row1 row\">\n<div class=\"post_column col-lg-12 col-md-12 col-sm-12 col-xs-12\">\n<div class=\"scc_A-propos_html_column10\">\n<div style=\"height: 0px; width: 0px; overflow: hidden; -webkit-margin-top-collapse: separate;\"><\/div>\n<div class=\"html_content\">\n<p>Nuestra empresa <strong>ETOILE PLASTIQUE<\/strong> es una industria establecida en Argelia desde 1967 para la producci\u00f3n de diversos art\u00edculos de pl\u00e1stico. M\u00e1s de cincuenta a\u00f1os que nos permitieron adquirir experiencia confirmando la calidad y la solidez de nuestros productos.<\/p>\n<p>&nbsp;<\/p>\n<p>De la misma manera, nos hemos especializado en productos de alto volumen tanto en soplado como en moldeo por inyecci\u00f3n; Asistido en particular por nuestros 4 sitios de m\u00e1s de 55 000 m \u00b2 de los cuales 2 de producci\u00f3n.<\/p>\n<p>&nbsp;<\/p>\n<p>Recientemente, nos hemos abierto al mercado internacional, especialmente a Europa, donde estamos experimentando un verdadero \u00e9xito. Estamos seguros de que nuestras ventas de exportaci\u00f3n aumentar\u00e1n en los pr\u00f3ximos a\u00f1os.<\/p>\n<p style=\"margin: 0.14em 0em 0em 0.57em;\">\n<\/div>\n<div style=\"height: 0px; width: 0px; overflow: hidden; -webkit-margin-top-collapse: separate;\"><\/div>\n<div style=\"clear: both;\"><\/div>\n<\/div>\n<\/div>\n<div class=\"clearfix visible-lg-block visible-sm-block visible-md-block visible-xs-block\"><\/div>\n<\/div>\n","protected":false},"excerpt":{"rendered":"<p>&nbsp; Presentaci\u00f3n de nuestra empresa &nbsp; &nbsp; Nuestra empresa ETOILE PLASTIQUE es una industria establecida en Argelia desde 1967 para la producci\u00f3n de diversos art\u00edculos de pl\u00e1stico. M\u00e1s de cincuenta a\u00f1os que nos permitieron adquirir experiencia confirmando la calidad y &hellip;<\/p>\n<p><a href=\"https:\/\/etoile-plastique.com\/es\/presentacion-de-nuestra-empresa\/\">Continue Reading<span class=\"meta-nav\">&rarr;<\/span><\/a><\/p>\n","protected":false},"author":1,"featured_media":0,"parent":0,"menu_order":2,"comment_status":"closed","ping_status":"closed","template":"page-templates\/A-propos_page.php","meta":{"footnotes":""},"class_list":["post-670","page","type-page","status-publish","hentry"],"_links":{"self":[{"href":"https:\/\/etoile-plastique.com\/es\/wp-json\/wp\/v2\/pages\/670\/"}],"collection":[{"href":"https:\/\/etoile-plastique.com\/es\/wp-json\/wp\/v2\/pages\/"}],"about":[{"href":"https:\/\/etoile-plastique.com\/es\/wp-json\/wp\/v2\/types\/page\/"}],"author":[{"embeddable":true,"href":"https:\/\/etoile-plastique.com\/es\/wp-json\/wp\/v2\/users\/1\/"}],"replies":[{"embeddable":true,"href":"https:\/\/etoile-plastique.com\/es\/wp-json\/wp\/v2\/comments\/?post=670"}],"version-history":[{"count":5,"href":"https:\/\/etoile-plastique.com\/es\/wp-json\/wp\/v2\/pages\/670\/revisions\/"}],"predecessor-version":[{"id":677,"href":"https:\/\/etoile-plastique.com\/es\/wp-json\/wp\/v2\/pages\/670\/revisions\/677\/"}],"wp:attachment":[{"href":"https:\/\/etoile-plastique.com\/es\/wp-json\/wp\/v2\/media\/?parent=670"}],"curies":[{"name":"wp","href":"https:\/\/api.w.org\/{rel}","templated":true}]}}