{"id":691,"date":"2018-12-23T00:45:05","date_gmt":"2018-12-22T23:45:05","guid":{"rendered":"https:\/\/etoile-plastique.com\/?page_id=691"},"modified":"2018-12-23T00:47:35","modified_gmt":"2018-12-22T23:47:35","slug":"servicio-de-exportacion","status":"publish","type":"page","link":"https:\/\/etoile-plastique.com\/es\/servicio-de-exportacion\/","title":{"rendered":"Servicio de exportaci\u00f3n"},"content":{"rendered":"<div class=\"scc_Export_html_row0 row\">\n<div class=\"post_column col-lg-12 col-md-12 col-sm-12 col-xs-12 column\">\n<div class=\"scc_Export_html_column00\">\n<div style=\"height: 0px; width: 0px; overflow: hidden; -webkit-margin-top-collapse: separate;\">&nbsp;<\/div>\n<div class=\"html_content\">\n<p><span style=\"font-family: 'Asul','Arial'; font-size: 2.571em; color: rgba(255,255,255,1); background-color: transparent;\">SERVICE EXPORT<\/span><\/p>\n<p>&nbsp;<\/p>\n<p>&nbsp;<\/p>\n<p>&nbsp;<\/p>\n<p>&nbsp;<\/p>\n<p>&nbsp;<\/p>\n<p>&nbsp;<\/p>\n<p>&nbsp;<\/p>\n<p>&nbsp;<\/p>\n<p>&nbsp;<\/p>\n<p>&nbsp;<\/p>\n<\/div>\n<div style=\"height: 0px; width: 0px; overflow: hidden; -webkit-margin-top-collapse: separate;\">&nbsp;<\/div>\n<div style=\"clear: both;\">&nbsp;<\/div>\n<\/div>\n<\/div>\n<div class=\"clearfix visible-lg-block visible-sm-block visible-md-block visible-xs-block\"><\/div>\n<div class=\"clearfix visible-lg-block visible-xs-block\"><\/div>\n<\/div>\n<div class=\"clearfix visible-sm-block visible-md-block\"><\/div>\n<div><\/div>\n<div class=\"scc_Export_html_row0 row\">\n<div class=\"post_column col-lg-12 col-md-12 col-sm-12 col-xs-12 column\">\n<div class=\"scc_Export_html_column02\">\n<div style=\"height: 0px; width: 0px; overflow: hidden; -webkit-margin-top-collapse: separate;\">&nbsp;<\/div>\n<div class=\"html_content\">\n<h1 class=\"scc_post_title\">Servicio de exportaci\u00f3n<\/h1>\n<p>&nbsp;<\/p>\n<p>El siglo XXI ha experimentado muchos cambios econ\u00f3micos y sociales profundos, incluida la globalizaci\u00f3n. Nuestra empresa se enfrenta a las consecuencias de esta globalizaci\u00f3n. Reaccionamos positivamente con este fen\u00f3meno gracias a nuestro know-how y la pasi\u00f3n por nuestro trabajo.<\/p>\n<p>&nbsp;<\/p>\n<p>Nos basamos en nuestro enfoque de calidad ISO 9001 v2015, desarrollo de recursos humanos y monitoreo regulatorio, normativo y tecnol\u00f3gico para proporcionar productos adaptados a las expectativas y requisitos de los clientes locales e internacionales.<\/p>\n<p>&nbsp;<\/p>\n<p>Los productos de <strong>Etoile Plastique<\/strong> est\u00e1n presentes en el continente europeo y africano y estamos comprometidos a retener a nuestros clientes manteni\u00e9ndonos muy unidos y atentos a sus necesidades presentes y futuras.<\/p>\n<\/div>\n<div style=\"height: 0px; width: 0px; overflow: hidden; -webkit-margin-top-collapse: separate;\">&nbsp;<\/div>\n<div style=\"clear: both;\">&nbsp;<\/div>\n<\/div>\n<\/div>\n<div class=\"clearfix visible-lg-block visible-sm-block visible-md-block visible-xs-block\"><\/div>\n<\/div>\n","protected":false},"excerpt":{"rendered":"<p>&nbsp; SERVICE EXPORT &nbsp; &nbsp; &nbsp; &nbsp; &nbsp; &nbsp; &nbsp; &nbsp; &nbsp; &nbsp; &nbsp; &nbsp; &nbsp; Servicio de exportaci\u00f3n &nbsp; El siglo XXI ha experimentado muchos cambios econ\u00f3micos y sociales profundos, incluida la globalizaci\u00f3n. Nuestra empresa se enfrenta a las &hellip;<\/p>\n<p><a href=\"https:\/\/etoile-plastique.com\/es\/servicio-de-exportacion\/\">Continue Reading<span class=\"meta-nav\">&rarr;<\/span><\/a><\/p>\n","protected":false},"author":1,"featured_media":0,"parent":0,"menu_order":4,"comment_status":"closed","ping_status":"closed","template":"page-templates\/Export_page.php","meta":{"footnotes":""},"class_list":["post-691","page","type-page","status-publish","hentry"],"_links":{"self":[{"href":"https:\/\/etoile-plastique.com\/es\/wp-json\/wp\/v2\/pages\/691\/"}],"collection":[{"href":"https:\/\/etoile-plastique.com\/es\/wp-json\/wp\/v2\/pages\/"}],"about":[{"href":"https:\/\/etoile-plastique.com\/es\/wp-json\/wp\/v2\/types\/page\/"}],"author":[{"embeddable":true,"href":"https:\/\/etoile-plastique.com\/es\/wp-json\/wp\/v2\/users\/1\/"}],"replies":[{"embeddable":true,"href":"https:\/\/etoile-plastique.com\/es\/wp-json\/wp\/v2\/comments\/?post=691"}],"version-history":[{"count":5,"href":"https:\/\/etoile-plastique.com\/es\/wp-json\/wp\/v2\/pages\/691\/revisions\/"}],"predecessor-version":[{"id":696,"href":"https:\/\/etoile-plastique.com\/es\/wp-json\/wp\/v2\/pages\/691\/revisions\/696\/"}],"wp:attachment":[{"href":"https:\/\/etoile-plastique.com\/es\/wp-json\/wp\/v2\/media\/?parent=691"}],"curies":[{"name":"wp","href":"https:\/\/api.w.org\/{rel}","templated":true}]}}