{"id":142,"date":"2018-12-11T14:48:19","date_gmt":"2018-12-11T13:48:19","guid":{"rendered":"https:\/\/etoile-plastique.com\/produit\/baquet-100\/"},"modified":"2018-12-16T11:38:28","modified_gmt":"2018-12-16T10:38:28","slug":"baquet-100","status":"publish","type":"product","link":"https:\/\/etoile-plastique.com\/es\/produit\/baquet-100\/","title":{"rendered":"BAQUET 100"},"content":{"rendered":"","protected":false},"excerpt":{"rendered":"<p>Bac Profond forme ronde capacit\u00e9 100 litres tr\u00e8s utile pour la pr\u00e9paration et le stockage poss\u00e8de une bonne r\u00e9sistance m\u00e9canique et chimique avec facilit\u00e9 de nettoyage<\/p>\n<p><a href=\"https:\/\/etoile-plastique.com\/es\/produit\/baquet-100\/\">Continue Reading<span class=\"meta-nav\">&rarr;<\/span><\/a><\/p>\n","protected":false},"featured_media":131,"template":"","meta":[],"class_list":{"0":"post-142","1":"product","2":"type-product","3":"status-publish","4":"has-post-thumbnail","6":"product_cat-articles-de-menages","7":"product_cat-articles-de-menages-bassine","9":"first","10":"instock","11":"featured","12":"shipping-taxable","13":"product-type-simple"},"_links":{"self":[{"href":"https:\/\/etoile-plastique.com\/es\/wp-json\/wp\/v2\/product\/142\/"}],"collection":[{"href":"https:\/\/etoile-plastique.com\/es\/wp-json\/wp\/v2\/product\/"}],"about":[{"href":"https:\/\/etoile-plastique.com\/es\/wp-json\/wp\/v2\/types\/product\/"}],"wp:featuredmedia":[{"embeddable":true,"href":"https:\/\/etoile-plastique.com\/es\/wp-json\/wp\/v2\/media\/131\/"}],"wp:attachment":[{"href":"https:\/\/etoile-plastique.com\/es\/wp-json\/wp\/v2\/media\/?parent=142"}],"curies":[{"name":"wp","href":"https:\/\/api.w.org\/{rel}","templated":true}]}}