{"id":147,"date":"2018-12-11T14:48:20","date_gmt":"2018-12-11T13:48:20","guid":{"rendered":"https:\/\/etoile-plastique.com\/produit\/baquet-ovale-70\/"},"modified":"2018-12-12T23:43:00","modified_gmt":"2018-12-12T22:43:00","slug":"baquet-ovale-70","status":"publish","type":"product","link":"https:\/\/etoile-plastique.com\/es\/produit\/baquet-ovale-70\/","title":{"rendered":"BAQUET OVALE 70"},"content":{"rendered":"","protected":false},"excerpt":{"rendered":"<p>Ce baquet ovale poss\u00e8de une capacit\u00e9 de 70L . Con\u00e7u en Polypropyl\u00e8ne, ce baquet est tr\u00e8s r\u00e9sistant et est id\u00e9al pour un usage r\u00e9gulier dans le temps.<\/p>\n<p><a href=\"https:\/\/etoile-plastique.com\/es\/produit\/baquet-ovale-70\/\">Continue Reading<span class=\"meta-nav\">&rarr;<\/span><\/a><\/p>\n","protected":false},"featured_media":436,"template":"","meta":[],"class_list":{"0":"post-147","1":"product","2":"type-product","3":"status-publish","4":"has-post-thumbnail","6":"product_cat-articles-de-menages","7":"product_cat-articles-de-menages-bassine","9":"first","10":"instock","11":"shipping-taxable","12":"product-type-simple"},"_links":{"self":[{"href":"https:\/\/etoile-plastique.com\/es\/wp-json\/wp\/v2\/product\/147\/"}],"collection":[{"href":"https:\/\/etoile-plastique.com\/es\/wp-json\/wp\/v2\/product\/"}],"about":[{"href":"https:\/\/etoile-plastique.com\/es\/wp-json\/wp\/v2\/types\/product\/"}],"wp:featuredmedia":[{"embeddable":true,"href":"https:\/\/etoile-plastique.com\/es\/wp-json\/wp\/v2\/media\/436\/"}],"wp:attachment":[{"href":"https:\/\/etoile-plastique.com\/es\/wp-json\/wp\/v2\/media\/?parent=147"}],"curies":[{"name":"wp","href":"https:\/\/api.w.org\/{rel}","templated":true}]}}