{"id":148,"date":"2018-12-11T14:48:21","date_gmt":"2018-12-11T13:48:21","guid":{"rendered":"https:\/\/etoile-plastique.com\/produit\/bassine-ronde-27\/"},"modified":"2018-12-16T11:38:12","modified_gmt":"2018-12-16T10:38:12","slug":"bassine-ronde-27","status":"publish","type":"product","link":"https:\/\/etoile-plastique.com\/es\/produit\/bassine-ronde-27\/","title":{"rendered":"BASSINE RONDE 27"},"content":{"rendered":"","protected":false},"excerpt":{"rendered":"<p>Bassines avec des diametres diffirents \u00d827 CM, \u00d831 CM et \u00d856 CM conviennent parfaitement \u00e0 un usage r\u00e9gulier. L\u00e9g\u00e8res et r\u00e9sistantes, faciles \u00e0 ranger.<\/p>\n<p><a href=\"https:\/\/etoile-plastique.com\/es\/produit\/bassine-ronde-27\/\">Continue Reading<span class=\"meta-nav\">&rarr;<\/span><\/a><\/p>\n","protected":false},"featured_media":134,"template":"","meta":[],"class_list":{"0":"post-148","1":"product","2":"type-product","3":"status-publish","4":"has-post-thumbnail","6":"product_cat-articles-de-menages","7":"product_cat-articles-de-menages-bassine","9":"first","10":"instock","11":"featured","12":"shipping-taxable","13":"product-type-simple"},"_links":{"self":[{"href":"https:\/\/etoile-plastique.com\/es\/wp-json\/wp\/v2\/product\/148\/"}],"collection":[{"href":"https:\/\/etoile-plastique.com\/es\/wp-json\/wp\/v2\/product\/"}],"about":[{"href":"https:\/\/etoile-plastique.com\/es\/wp-json\/wp\/v2\/types\/product\/"}],"wp:featuredmedia":[{"embeddable":true,"href":"https:\/\/etoile-plastique.com\/es\/wp-json\/wp\/v2\/media\/134\/"}],"wp:attachment":[{"href":"https:\/\/etoile-plastique.com\/es\/wp-json\/wp\/v2\/media\/?parent=148"}],"curies":[{"name":"wp","href":"https:\/\/api.w.org\/{rel}","templated":true}]}}