{"id":153,"date":"2018-12-11T14:48:23","date_gmt":"2018-12-11T13:48:23","guid":{"rendered":"https:\/\/etoile-plastique.com\/produit\/bassine-r32-poine-antiderapant\/"},"modified":"2018-12-11T21:21:30","modified_gmt":"2018-12-11T20:21:30","slug":"bassine-r32-poine-antiderapant","status":"publish","type":"product","link":"https:\/\/etoile-plastique.com\/es\/produit\/bassine-r32-poine-antiderapant\/","title":{"rendered":"BASSINE R32 POINE\/ANTIDERAPANT"},"content":{"rendered":"","protected":false},"excerpt":{"rendered":"<p>Bassine \u00d832 CM et \u00d842 CM Id\u00e9ale pour l\u00b4entretien au quotidien<br \/>\n Forme et poign\u00e9es ergonomiques et antid\u00e9rapantes<\/p>\n<p><a href=\"https:\/\/etoile-plastique.com\/es\/produit\/bassine-r32-poine-antiderapant\/\">Continue Reading<span class=\"meta-nav\">&rarr;<\/span><\/a><\/p>\n","protected":false},"featured_media":154,"template":"","meta":[],"class_list":{"0":"post-153","1":"product","2":"type-product","3":"status-publish","4":"has-post-thumbnail","6":"product_cat-articles-de-menages","7":"product_cat-articles-de-menages-bassine","9":"first","10":"instock","11":"shipping-taxable","12":"product-type-simple"},"_links":{"self":[{"href":"https:\/\/etoile-plastique.com\/es\/wp-json\/wp\/v2\/product\/153\/"}],"collection":[{"href":"https:\/\/etoile-plastique.com\/es\/wp-json\/wp\/v2\/product\/"}],"about":[{"href":"https:\/\/etoile-plastique.com\/es\/wp-json\/wp\/v2\/types\/product\/"}],"wp:featuredmedia":[{"embeddable":true,"href":"https:\/\/etoile-plastique.com\/es\/wp-json\/wp\/v2\/media\/154\/"}],"wp:attachment":[{"href":"https:\/\/etoile-plastique.com\/es\/wp-json\/wp\/v2\/media\/?parent=153"}],"curies":[{"name":"wp","href":"https:\/\/api.w.org\/{rel}","templated":true}]}}