{"id":159,"date":"2018-12-11T14:48:27","date_gmt":"2018-12-11T13:48:27","guid":{"rendered":"https:\/\/etoile-plastique.com\/produit\/seaux-13l-ver-anse-import\/"},"modified":"2018-12-11T21:24:42","modified_gmt":"2018-12-11T20:24:42","slug":"seaux-13l-ver-anse-import","status":"publish","type":"product","link":"https:\/\/etoile-plastique.com\/es\/produit\/seaux-13l-ver-anse-import\/","title":{"rendered":"SEAUX 13L VER ANSE IMPORT"},"content":{"rendered":"","protected":false},"excerpt":{"rendered":"<p>\u00c9quip\u00e9 d&rsquo;une anse et d&rsquo;un bec verseur, ce seau en plastique alimentaire est id\u00e9al pour vos travaux de miellerie, collecte de lait ou tout simplement pour les traveaux de la maison.<br \/>\nContenance de 13 litres.<\/p>\n<p><a href=\"https:\/\/etoile-plastique.com\/es\/produit\/seaux-13l-ver-anse-import\/\">Continue Reading<span class=\"meta-nav\">&rarr;<\/span><\/a><\/p>\n","protected":false},"featured_media":160,"template":"","meta":[],"class_list":{"0":"post-159","1":"product","2":"type-product","3":"status-publish","4":"has-post-thumbnail","6":"product_cat-articles-de-menages","7":"product_cat-seaux-articles-de-menages","9":"first","10":"instock","11":"shipping-taxable","12":"product-type-simple"},"_links":{"self":[{"href":"https:\/\/etoile-plastique.com\/es\/wp-json\/wp\/v2\/product\/159\/"}],"collection":[{"href":"https:\/\/etoile-plastique.com\/es\/wp-json\/wp\/v2\/product\/"}],"about":[{"href":"https:\/\/etoile-plastique.com\/es\/wp-json\/wp\/v2\/types\/product\/"}],"wp:featuredmedia":[{"embeddable":true,"href":"https:\/\/etoile-plastique.com\/es\/wp-json\/wp\/v2\/media\/160\/"}],"wp:attachment":[{"href":"https:\/\/etoile-plastique.com\/es\/wp-json\/wp\/v2\/media\/?parent=159"}],"curies":[{"name":"wp","href":"https:\/\/api.w.org\/{rel}","templated":true}]}}