{"id":161,"date":"2018-12-11T14:48:28","date_gmt":"2018-12-11T13:48:28","guid":{"rendered":"https:\/\/etoile-plastique.com\/produit\/corbeille-a-linge-gerbable\/"},"modified":"2018-12-11T21:22:56","modified_gmt":"2018-12-11T20:22:56","slug":"corbeille-a-linge-gerbable","status":"publish","type":"product","link":"https:\/\/etoile-plastique.com\/es\/produit\/corbeille-a-linge-gerbable\/","title":{"rendered":"CORBEILLE A LINGE GERBABLE"},"content":{"rendered":"","protected":false},"excerpt":{"rendered":"<p>Ce panier \u00e0 linge rectangulaire 35 litres comprend 2 poign\u00e9es lat\u00e9rales pour une bonne prise en main. Panier \u00e0 linge ajour\u00e9 sur les 4 c\u00f4t\u00e9s pour laisser respirer votre linge. Nettoyage facile.<\/p>\n<p><a href=\"https:\/\/etoile-plastique.com\/es\/produit\/corbeille-a-linge-gerbable\/\">Continue Reading<span class=\"meta-nav\">&rarr;<\/span><\/a><\/p>\n","protected":false},"featured_media":162,"template":"","meta":[],"class_list":{"0":"post-161","1":"product","2":"type-product","3":"status-publish","4":"has-post-thumbnail","6":"product_cat-articles-de-menages","7":"product_cat-corbeilles-articles-de-menages","9":"first","10":"instock","11":"shipping-taxable","12":"product-type-simple"},"_links":{"self":[{"href":"https:\/\/etoile-plastique.com\/es\/wp-json\/wp\/v2\/product\/161\/"}],"collection":[{"href":"https:\/\/etoile-plastique.com\/es\/wp-json\/wp\/v2\/product\/"}],"about":[{"href":"https:\/\/etoile-plastique.com\/es\/wp-json\/wp\/v2\/types\/product\/"}],"wp:featuredmedia":[{"embeddable":true,"href":"https:\/\/etoile-plastique.com\/es\/wp-json\/wp\/v2\/media\/162\/"}],"wp:attachment":[{"href":"https:\/\/etoile-plastique.com\/es\/wp-json\/wp\/v2\/media\/?parent=161"}],"curies":[{"name":"wp","href":"https:\/\/api.w.org\/{rel}","templated":true}]}}