{"id":193,"date":"2018-12-11T14:48:43","date_gmt":"2018-12-11T13:48:43","guid":{"rendered":"https:\/\/etoile-plastique.com\/produit\/container-120-l-a-r\/"},"modified":"2018-12-11T21:39:11","modified_gmt":"2018-12-11T20:39:11","slug":"container-120-l-a-r","status":"publish","type":"product","link":"https:\/\/etoile-plastique.com\/es\/produit\/container-120-l-a-r\/","title":{"rendered":"CONTAINER 120 L A\/R"},"content":{"rendered":"","protected":false},"excerpt":{"rendered":"<p>Conteneur 120 Litres tr\u00e8s pratique et robuste pour collecter vos d\u00e9chets.<br \/>\n Parfaite r\u00e9sistance aux intemp\u00e9ries et aux produits d\u2019entretien.<br \/>\n Equip\u00e9 de 2 roues PEHD, les poign\u00e9es sont int\u00e9gr\u00e9es sur le corps pour une manipulation ais\u00e9e<\/p>\n<p><a href=\"https:\/\/etoile-plastique.com\/es\/produit\/container-120-l-a-r\/\">Continue Reading<span class=\"meta-nav\">&rarr;<\/span><\/a><\/p>\n","protected":false},"featured_media":194,"template":"","meta":[],"class_list":{"0":"post-193","1":"product","2":"type-product","3":"status-publish","4":"has-post-thumbnail","6":"product_cat-containers-2-roues-mobiliers-urbain","7":"product_cat-mobiliers-urbain","9":"first","10":"instock","11":"shipping-taxable","12":"product-type-simple"},"_links":{"self":[{"href":"https:\/\/etoile-plastique.com\/es\/wp-json\/wp\/v2\/product\/193\/"}],"collection":[{"href":"https:\/\/etoile-plastique.com\/es\/wp-json\/wp\/v2\/product\/"}],"about":[{"href":"https:\/\/etoile-plastique.com\/es\/wp-json\/wp\/v2\/types\/product\/"}],"wp:featuredmedia":[{"embeddable":true,"href":"https:\/\/etoile-plastique.com\/es\/wp-json\/wp\/v2\/media\/194\/"}],"wp:attachment":[{"href":"https:\/\/etoile-plastique.com\/es\/wp-json\/wp\/v2\/media\/?parent=193"}],"curies":[{"name":"wp","href":"https:\/\/api.w.org\/{rel}","templated":true}]}}