{"id":206,"date":"2018-12-11T14:48:49","date_gmt":"2018-12-11T13:48:49","guid":{"rendered":"https:\/\/etoile-plastique.com\/produit\/poubelle-60-litres-avec-trape\/"},"modified":"2018-12-16T11:34:07","modified_gmt":"2018-12-16T10:34:07","slug":"poubelle-60-litres-avec-trape","status":"publish","type":"product","link":"https:\/\/etoile-plastique.com\/es\/produit\/poubelle-60-litres-avec-trape\/","title":{"rendered":"POUBELLE 60 LITRES AVEC TRAPE"},"content":{"rendered":"","protected":false},"excerpt":{"rendered":"<p>C&rsquo;est un collecteur de d\u00e9chets de 60 litres avec trappe basculante color\u00e9 pour faciliter le tri s\u00e9lectif. Elle peur \u00eatre fix\u00e9 sur un mur ou un poteau<\/p>\n<p><a href=\"https:\/\/etoile-plastique.com\/es\/produit\/poubelle-60-litres-avec-trape\/\">Continue Reading<span class=\"meta-nav\">&rarr;<\/span><\/a><\/p>\n","protected":false},"featured_media":207,"template":"","meta":[],"class_list":{"0":"post-206","1":"product","2":"type-product","3":"status-publish","4":"has-post-thumbnail","6":"product_cat-articles-de-proprete-mobiliers-urbain","7":"product_cat-mobiliers-urbain","9":"first","10":"instock","11":"featured","12":"shipping-taxable","13":"product-type-simple"},"_links":{"self":[{"href":"https:\/\/etoile-plastique.com\/es\/wp-json\/wp\/v2\/product\/206\/"}],"collection":[{"href":"https:\/\/etoile-plastique.com\/es\/wp-json\/wp\/v2\/product\/"}],"about":[{"href":"https:\/\/etoile-plastique.com\/es\/wp-json\/wp\/v2\/types\/product\/"}],"wp:featuredmedia":[{"embeddable":true,"href":"https:\/\/etoile-plastique.com\/es\/wp-json\/wp\/v2\/media\/207\/"}],"wp:attachment":[{"href":"https:\/\/etoile-plastique.com\/es\/wp-json\/wp\/v2\/media\/?parent=206"}],"curies":[{"name":"wp","href":"https:\/\/api.w.org\/{rel}","templated":true}]}}