{"id":208,"date":"2018-12-11T14:48:50","date_gmt":"2018-12-11T13:48:50","guid":{"rendered":"https:\/\/etoile-plastique.com\/produit\/poubelle-60-litres-swing\/"},"modified":"2018-12-12T23:33:58","modified_gmt":"2018-12-12T22:33:58","slug":"poubelle-60-litres-swing","status":"publish","type":"product","link":"https:\/\/etoile-plastique.com\/es\/produit\/poubelle-60-litres-swing\/","title":{"rendered":"POUBELLE 60 LITRES SWING"},"content":{"rendered":"","protected":false},"excerpt":{"rendered":"<p>Corbeille murale pratique et r\u00e9sistante, id\u00e9ale pour les espaces verts, parc, for\u00eats, \u2026. Fabriqu\u00e9e en polypropyl\u00e8ne. D\u00e9crochage int\u00e9gral du bac. Vidage facile. Fixation murale ou sur poteau . Entretien et nettoyage faciles gr\u00e2ce \u00e0 ses surfaces lisses.<\/p>\n<p><a href=\"https:\/\/etoile-plastique.com\/es\/produit\/poubelle-60-litres-swing\/\">Continue Reading<span class=\"meta-nav\">&rarr;<\/span><\/a><\/p>\n","protected":false},"featured_media":63,"template":"","meta":[],"class_list":{"0":"post-208","1":"product","2":"type-product","3":"status-publish","4":"has-post-thumbnail","6":"product_cat-articles-de-proprete-mobiliers-urbain","7":"product_cat-mobiliers-urbain","9":"first","10":"instock","11":"shipping-taxable","12":"product-type-simple"},"_links":{"self":[{"href":"https:\/\/etoile-plastique.com\/es\/wp-json\/wp\/v2\/product\/208\/"}],"collection":[{"href":"https:\/\/etoile-plastique.com\/es\/wp-json\/wp\/v2\/product\/"}],"about":[{"href":"https:\/\/etoile-plastique.com\/es\/wp-json\/wp\/v2\/types\/product\/"}],"wp:featuredmedia":[{"embeddable":true,"href":"https:\/\/etoile-plastique.com\/es\/wp-json\/wp\/v2\/media\/63\/"}],"wp:attachment":[{"href":"https:\/\/etoile-plastique.com\/es\/wp-json\/wp\/v2\/media\/?parent=208"}],"curies":[{"name":"wp","href":"https:\/\/api.w.org\/{rel}","templated":true}]}}