{"id":211,"date":"2018-12-11T14:48:51","date_gmt":"2018-12-11T13:48:51","guid":{"rendered":"https:\/\/etoile-plastique.com\/produit\/corbeille-a-papier-rym\/"},"modified":"2018-12-16T23:06:35","modified_gmt":"2018-12-16T22:06:35","slug":"corbeille-a-papier-rym","status":"publish","type":"product","link":"https:\/\/etoile-plastique.com\/es\/produit\/corbeille-a-papier-rym\/","title":{"rendered":"CORBEILLE A PAPIER RYM"},"content":{"rendered":"","protected":false},"excerpt":{"rendered":"<p>Fabriqu\u00e9e en polypropyl\u00e8ne avec une forme ajour\u00e9, cette corbeille est \u00e0 la fois r\u00e9sistante et souple. Grace \u00e0 cette corbeille votre espace de travail restera propre tout au long de la journ\u00e9e.<\/p>\n<p><a href=\"https:\/\/etoile-plastique.com\/es\/produit\/corbeille-a-papier-rym\/\">Continue Reading<span class=\"meta-nav\">&rarr;<\/span><\/a><\/p>\n","protected":false},"featured_media":212,"template":"","meta":[],"class_list":{"0":"post-211","1":"product","2":"type-product","3":"status-publish","4":"has-post-thumbnail","6":"product_cat-articles-de-menages","7":"product_cat-corbeilles-articles-de-menages","9":"first","10":"instock","11":"shipping-taxable","12":"product-type-simple"},"_links":{"self":[{"href":"https:\/\/etoile-plastique.com\/es\/wp-json\/wp\/v2\/product\/211\/"}],"collection":[{"href":"https:\/\/etoile-plastique.com\/es\/wp-json\/wp\/v2\/product\/"}],"about":[{"href":"https:\/\/etoile-plastique.com\/es\/wp-json\/wp\/v2\/types\/product\/"}],"wp:featuredmedia":[{"embeddable":true,"href":"https:\/\/etoile-plastique.com\/es\/wp-json\/wp\/v2\/media\/212\/"}],"wp:attachment":[{"href":"https:\/\/etoile-plastique.com\/es\/wp-json\/wp\/v2\/media\/?parent=211"}],"curies":[{"name":"wp","href":"https:\/\/api.w.org\/{rel}","templated":true}]}}