{"id":220,"date":"2018-12-11T14:48:57","date_gmt":"2018-12-11T13:48:57","guid":{"rendered":"https:\/\/etoile-plastique.com\/produit\/cajette-fruit\/"},"modified":"2018-12-16T11:33:12","modified_gmt":"2018-12-16T10:33:12","slug":"cajette-fruit","status":"publish","type":"product","link":"https:\/\/etoile-plastique.com\/es\/produit\/cajette-fruit\/","title":{"rendered":"CAJETTE FRUIT"},"content":{"rendered":"","protected":false},"excerpt":{"rendered":"<p>Casier adapt\u00e9s \u00e0 la manipulation de fruits et l\u00e9gumes, en vergers, station de conditionnement, maraichage, pr\u00e9sentation sur les \u00e9tals ou les march\u00e9s<br \/>\n R\u00e9sistants aux chocs thermiques<br \/>\n Mat\u00e9riau plastique vierge, certifi\u00e9 pour un usage alimentaire<\/p>\n<p><a href=\"https:\/\/etoile-plastique.com\/es\/produit\/cajette-fruit\/\">Continue Reading<span class=\"meta-nav\">&rarr;<\/span><\/a><\/p>\n","protected":false},"featured_media":221,"template":"","meta":[],"class_list":{"0":"post-220","1":"product","2":"type-product","3":"status-publish","4":"has-post-thumbnail","6":"product_cat-palox-et-caisses-legumes-fruits","7":"product_cat-stockage-et-manutention","9":"first","10":"instock","11":"featured","12":"shipping-taxable","13":"product-type-simple"},"_links":{"self":[{"href":"https:\/\/etoile-plastique.com\/es\/wp-json\/wp\/v2\/product\/220\/"}],"collection":[{"href":"https:\/\/etoile-plastique.com\/es\/wp-json\/wp\/v2\/product\/"}],"about":[{"href":"https:\/\/etoile-plastique.com\/es\/wp-json\/wp\/v2\/types\/product\/"}],"wp:featuredmedia":[{"embeddable":true,"href":"https:\/\/etoile-plastique.com\/es\/wp-json\/wp\/v2\/media\/221\/"}],"wp:attachment":[{"href":"https:\/\/etoile-plastique.com\/es\/wp-json\/wp\/v2\/media\/?parent=220"}],"curies":[{"name":"wp","href":"https:\/\/api.w.org\/{rel}","templated":true}]}}