{"id":224,"date":"2018-12-11T14:48:58","date_gmt":"2018-12-11T13:48:58","guid":{"rendered":"https:\/\/etoile-plastique.com\/produit\/palette-de-manutention\/"},"modified":"2018-12-11T21:42:17","modified_gmt":"2018-12-11T20:42:17","slug":"palette-de-manutention","status":"publish","type":"product","link":"https:\/\/etoile-plastique.com\/es\/produit\/palette-de-manutention\/","title":{"rendered":"PALETTE DE MANUTENTION"},"content":{"rendered":"","protected":false},"excerpt":{"rendered":"<p>Fabriqu\u00e9e en PEHD, notre palette allie la robustesse \u00e0 la l\u00e9g\u00e8ret\u00e9. G\u00e9n\u00e9ralement utilis\u00e9e en alternative \u00e0 la palette bois, cette palette permet le stockage des produits dans tous les secteurs et plus particuli\u00e8rement dans le secteur agro-alimentaire.<br \/>\n Disponible avec ou sans semelles, elle peut \u00eatre manipul\u00e9 avec chariot \u00e9l\u00e9vateur ou transpalette.<br \/>\n .<\/p>\n<p><a href=\"https:\/\/etoile-plastique.com\/es\/produit\/palette-de-manutention\/\">Continue Reading<span class=\"meta-nav\">&rarr;<\/span><\/a><\/p>\n","protected":false},"featured_media":225,"template":"","meta":[],"class_list":{"0":"post-224","1":"product","2":"type-product","3":"status-publish","4":"has-post-thumbnail","6":"product_cat-palettes-de-manutention-stockage-et-manutention","7":"product_cat-stockage-et-manutention","9":"first","10":"instock","11":"shipping-taxable","12":"product-type-simple"},"_links":{"self":[{"href":"https:\/\/etoile-plastique.com\/es\/wp-json\/wp\/v2\/product\/224\/"}],"collection":[{"href":"https:\/\/etoile-plastique.com\/es\/wp-json\/wp\/v2\/product\/"}],"about":[{"href":"https:\/\/etoile-plastique.com\/es\/wp-json\/wp\/v2\/types\/product\/"}],"wp:featuredmedia":[{"embeddable":true,"href":"https:\/\/etoile-plastique.com\/es\/wp-json\/wp\/v2\/media\/225\/"}],"wp:attachment":[{"href":"https:\/\/etoile-plastique.com\/es\/wp-json\/wp\/v2\/media\/?parent=224"}],"curies":[{"name":"wp","href":"https:\/\/api.w.org\/{rel}","templated":true}]}}