{"id":240,"date":"2018-12-11T14:49:08","date_gmt":"2018-12-11T13:49:08","guid":{"rendered":"https:\/\/etoile-plastique.com\/produit\/chaise-transat-yasmine-a-roue\/"},"modified":"2018-12-11T21:29:13","modified_gmt":"2018-12-11T20:29:13","slug":"chaise-transat-yasmine-a-roue","status":"publish","type":"product","link":"https:\/\/etoile-plastique.com\/es\/produit\/chaise-transat-yasmine-a-roue\/","title":{"rendered":"CHAISE TRANSAT YASMINE A\/ROUE"},"content":{"rendered":"","protected":false},"excerpt":{"rendered":"<p>Une chaise longue en polypropyl\u00e8ne robuste et r\u00e9siste bien aux rayons U.V, aux chocs et \u00e0 l&rsquo;humidit\u00e9..<br \/>\n Ce mod\u00e8le id\u00e9ale pour les piscines publiques, plages, h\u00f4tels et jardin tout en offrant un bon confort gr\u00e2ce \u00e0 un dossier inclinable sur plusieurs positions et une assise ajour\u00e9e qui laisse respirer la peau.<br \/>\n Pour augmenter la sensation de confort, le produit peut \u00eatre livr\u00e9 avec un matelas<\/p>\n<p><a href=\"https:\/\/etoile-plastique.com\/es\/produit\/chaise-transat-yasmine-a-roue\/\">Continue Reading<span class=\"meta-nav\">&rarr;<\/span><\/a><\/p>\n","protected":false},"featured_media":241,"template":"","meta":[],"class_list":{"0":"post-240","1":"product","2":"type-product","3":"status-publish","4":"has-post-thumbnail","6":"product_cat-meubles-de-jardin-chaises","7":"product_cat-meubles-de-jardin","9":"first","10":"instock","11":"shipping-taxable","12":"product-type-simple"},"_links":{"self":[{"href":"https:\/\/etoile-plastique.com\/es\/wp-json\/wp\/v2\/product\/240\/"}],"collection":[{"href":"https:\/\/etoile-plastique.com\/es\/wp-json\/wp\/v2\/product\/"}],"about":[{"href":"https:\/\/etoile-plastique.com\/es\/wp-json\/wp\/v2\/types\/product\/"}],"wp:featuredmedia":[{"embeddable":true,"href":"https:\/\/etoile-plastique.com\/es\/wp-json\/wp\/v2\/media\/241\/"}],"wp:attachment":[{"href":"https:\/\/etoile-plastique.com\/es\/wp-json\/wp\/v2\/media\/?parent=240"}],"curies":[{"name":"wp","href":"https:\/\/api.w.org\/{rel}","templated":true}]}}