{"id":242,"date":"2018-12-11T14:49:09","date_gmt":"2018-12-11T13:49:09","guid":{"rendered":"https:\/\/etoile-plastique.com\/produit\/chaise-pliante\/"},"modified":"2018-12-11T22:03:12","modified_gmt":"2018-12-11T21:03:12","slug":"chaise-pliante","status":"publish","type":"product","link":"https:\/\/etoile-plastique.com\/es\/produit\/chaise-pliante\/","title":{"rendered":"CHAISE PLIANTE"},"content":{"rendered":"","protected":false},"excerpt":{"rendered":"<p>L\u00e9g\u00e8re, polyvalente, solide et peu encombrante, la chaise pliable est id\u00e9ale pour les plages, ou pour am\u00e9nager la terrasse d&rsquo;un caf\u00e9, h\u00f4tel ou restaurant \u00e0 moindre co\u00fbt. La chaise de terrasse pliante est int\u00e9gralement fabriqu\u00e9e en polypropyl\u00e8ne : en plus de poss\u00e9der une structure robuste, elle r\u00e9siste parfaitement aux intemp\u00e9ries et aux changements de temp\u00e9ratures extr\u00eames, une fois d\u00e9pli\u00e9e, elle ne requiert aucun montage et elle se nettoie sans difficult\u00e9s et ne n\u00e9cessite pas d&rsquo;entretien particulier<\/p>\n<p><a href=\"https:\/\/etoile-plastique.com\/es\/produit\/chaise-pliante\/\">Continue Reading<span class=\"meta-nav\">&rarr;<\/span><\/a><\/p>\n","protected":false},"featured_media":243,"template":"","meta":[],"class_list":{"0":"post-242","1":"product","2":"type-product","3":"status-publish","4":"has-post-thumbnail","6":"product_cat-meubles-de-jardin-chaises","7":"product_cat-meubles-de-jardin","9":"first","10":"instock","11":"featured","12":"shipping-taxable","13":"product-type-simple"},"_links":{"self":[{"href":"https:\/\/etoile-plastique.com\/es\/wp-json\/wp\/v2\/product\/242\/"}],"collection":[{"href":"https:\/\/etoile-plastique.com\/es\/wp-json\/wp\/v2\/product\/"}],"about":[{"href":"https:\/\/etoile-plastique.com\/es\/wp-json\/wp\/v2\/types\/product\/"}],"wp:featuredmedia":[{"embeddable":true,"href":"https:\/\/etoile-plastique.com\/es\/wp-json\/wp\/v2\/media\/243\/"}],"wp:attachment":[{"href":"https:\/\/etoile-plastique.com\/es\/wp-json\/wp\/v2\/media\/?parent=242"}],"curies":[{"name":"wp","href":"https:\/\/api.w.org\/{rel}","templated":true}]}}